{"id":14986,"date":"2025-03-19T19:01:19","date_gmt":"2025-03-20T00:01:19","guid":{"rendered":"http:\/\/www.ciptacna.org.pe\/web\/?page_id=14986"},"modified":"2025-03-20T11:45:39","modified_gmt":"2025-03-20T16:45:39","slug":"beneficio-de-colegiados","status":"publish","type":"page","link":"https:\/\/www.ciptacna.org.pe\/web\/index.php\/beneficio-de-colegiados\/","title":{"rendered":"BENEFICIO DE COLEGIADOS"},"content":{"rendered":"\n<p><\/p>\n\n\n\n<div class=\"wp-block-columns\">\n<div class=\"wp-block-column\" style=\"flex-basis:66.66%\">\n<h2><strong><span class=\"has-inline-color has-vivid-red-color\">ASESOR\u00cdA LEGAL<\/span><\/strong><\/h2>\n\n\n\n<p><span class=\"has-inline-color has-black-color\">ASESOR\u00cdA LEGAL GRATUITA (SOLO CONSULTAS), a cargo del <strong>Abogado Braddy Leonardo Alave Apaza (asesor legal externo del CIP).<\/strong><\/span><\/p>\n\n\n\n<ul><li>De lunes a jueves de 9:00 a.m. a 1:00 p.m.<\/li><li>Comit\u00e9 10, Mz. 45, Lote 19 \u2013 Ciudad Nueva \u2013 Tacna (cerca a la Comisar\u00eda de Ciudad Nueva, frente a Shalom).<\/li><li>Viernes de 5:00 p.m. a 6:00 p.m. en la Sede Institucional (Av. Manuel A. Odr\u00eda 1562)<\/li><li>Citas previas v\u00eda whatsapp al n\u00famero: 943 933 185.<\/li><\/ul>\n<\/div>\n\n\n\n<div class=\"wp-block-column\" style=\"flex-basis:33.33%\">\n<figure class=\"wp-block-image size-large\"><img loading=\"lazy\" width=\"268\" height=\"270\" src=\"http:\/\/www.ciptacna.org.pe\/web\/wp-content\/uploads\/2025\/03\/asesoriaLegal1.png\" alt=\"\" class=\"wp-image-15014\" srcset=\"https:\/\/www.ciptacna.org.pe\/web\/wp-content\/uploads\/2025\/03\/asesoriaLegal1.png 268w, https:\/\/www.ciptacna.org.pe\/web\/wp-content\/uploads\/2025\/03\/asesoriaLegal1-150x150.png 150w\" sizes=\"(max-width: 268px) 100vw, 268px\" \/><\/figure>\n<\/div>\n<\/div>\n\n\n\n<div class=\"wp-block-columns\">\n<div class=\"wp-block-column\">\n<hr class=\"wp-block-separator\"\/>\n<\/div>\n<\/div>\n\n\n\n<div class=\"wp-block-columns\">\n<div class=\"wp-block-column\" style=\"flex-basis:33.33%\">\n<figure class=\"wp-block-image size-large\"><img loading=\"lazy\" width=\"399\" height=\"326\" src=\"http:\/\/www.ciptacna.org.pe\/web\/wp-content\/uploads\/2025\/03\/auditorio1-1.png\" alt=\"\" class=\"wp-image-15030\" srcset=\"https:\/\/www.ciptacna.org.pe\/web\/wp-content\/uploads\/2025\/03\/auditorio1-1.png 399w, https:\/\/www.ciptacna.org.pe\/web\/wp-content\/uploads\/2025\/03\/auditorio1-1-300x245.png 300w\" sizes=\"(max-width: 399px) 100vw, 399px\" \/><\/figure>\n<\/div>\n\n\n\n<div class=\"wp-block-column\" style=\"flex-basis:66.66%\">\n<h2 class=\"has-vivid-red-color has-text-color\">AUDITORIO LOCAL CENTRAL<\/h2>\n\n\n\n<p>El Auditorio del CIP Tacna es un espacio moderno y equipado, ideal para que los colegiados realicen cursos, capacitaciones y charlas. Con una capacidad adecuada y tecnolog\u00eda de \u00faltima generaci\u00f3n, ofrece un ambiente c\u00f3modo y profesional. Es el lugar perfecto para fomentar el aprendizaje y la actualizaci\u00f3n continua de los ingenieros. Adem\u00e1s, cuenta con todas las facilidades necesarias para garantizar el \u00e9xito de cada evento. Un espacio dise\u00f1ado para el desarrollo profesional y el intercambio de conocimientos.<\/p>\n\n\n\n<a class=\"boton_ver_video\" href=\"http:\/\/www.ciptacna.org.pe\/web\/index.php\/auditorio-cip\/\"> VER M\u00c1S FOTOS <\/a>\n<style type=\"text\/css\">\n\n.boton_ver_video{\n  text-align: center;\ndisplay:flex;\n}\n  .boton_ver_video{\nwidth:max-content;\nmargin:initial;\n    text-decoration: none;\n    padding: 5px;\n    font-weight: 600;\n    font-size: 15px;\n    color: #ffffff;\n    background-color: #e12800;\n    border-radius: 6px;\n border: 2px solid #e12800;\n  }\n  .boton_ver_video:hover{\n-webkit-box-shadow: 2px 2px 5px #999;\n  -moz-box-shadow: 2px 2px 5px #999;\n    color: #ffffff;\n    background-color: #e12800;\n border: 1px solid #e12800;\n  text-align: center;\n  }\n<\/style>\n<\/div>\n<\/div>\n\n\n\n<div class=\"wp-block-columns\">\n<div class=\"wp-block-column\">\n<hr class=\"wp-block-separator\"\/>\n<\/div>\n<\/div>\n\n\n\n<div class=\"wp-block-columns\">\n<div class=\"wp-block-column\" style=\"flex-basis:66.66%\">\n<h2 class=\"has-text-align-left\"><span class=\"has-inline-color has-vivid-red-color\">SAL\u00d3N DE EVENTOS<\/span><\/h2>\n\n\n\n<p class=\"has-text-align-left\">El Sal\u00f3n de Eventos del CIP Tacna es un espacio moderno y vers\u00e1til dise\u00f1ado para que los colegiados realicen una variedad de actividades. Ideal para eventos sociales como cumplea\u00f1os, reuniones de trabajo, conferencias y celebraciones, ofrece un ambiente c\u00f3modo y bien acondicionado. Con capacidad para diversos grupos, se adapta a las necesidades de cada ocasi\u00f3n, garantizando el \u00e9xito de cada evento. Adem\u00e1s, cuenta con servicios y facilidades que permiten una experiencia placentera. Es el lugar perfecto para compartir y fortalecer lazos entre colegas y familiares. Un entorno profesional y acogedor para cualquier tipo de reuni\u00f3n.<\/p>\n\n\n\n<a class=\"boton_ver_video\" href=\"\"> VER M\u00c1S FOTOS <\/a>\n<style type=\"text\/css\">\n\n.boton_ver_video{\n  text-align: center;\ndisplay:flex;\n}\n  .boton_ver_video{\nwidth:max-content;\nmargin:initial;\n    text-decoration: none;\n    padding: 5px;\n    font-weight: 600;\n    font-size: 15px;\n    color: #ffffff;\n    background-color: #e12800;\n    border-radius: 6px;\n border: 2px solid #e12800;\n  }\n  .boton_ver_video:hover{\n-webkit-box-shadow: 2px 2px 5px #999;\n  -moz-box-shadow: 2px 2px 5px #999;\n    color: #ffffff;\n    background-color: #e12800;\n border: 1px solid #e12800;\n  text-align: center;\n  }\n<\/style>\n\n\n\n<div class=\"wp-block-buttons\"><\/div>\n\n\n\n<p><\/p>\n<\/div>\n\n\n\n<div class=\"wp-block-column\" style=\"flex-basis:33.33%\">\n<figure class=\"wp-block-image size-large\"><img loading=\"lazy\" width=\"441\" height=\"369\" src=\"http:\/\/www.ciptacna.org.pe\/web\/wp-content\/uploads\/2025\/03\/salon-de-eventos.png\" alt=\"\" class=\"wp-image-15058\" srcset=\"https:\/\/www.ciptacna.org.pe\/web\/wp-content\/uploads\/2025\/03\/salon-de-eventos.png 441w, https:\/\/www.ciptacna.org.pe\/web\/wp-content\/uploads\/2025\/03\/salon-de-eventos-300x251.png 300w\" sizes=\"(max-width: 441px) 100vw, 441px\" \/><\/figure>\n<\/div>\n<\/div>\n\n\n\n<div class=\"wp-block-columns\">\n<div class=\"wp-block-column\" style=\"flex-basis:100%\">\n<div class=\"wp-block-columns\">\n<div class=\"wp-block-column\">\n<hr class=\"wp-block-separator\"\/>\n<\/div>\n<\/div>\n<\/div>\n<\/div>\n\n\n\n<div class=\"wp-block-columns\">\n<div class=\"wp-block-column\">\n<h2><span class=\"has-inline-color has-vivid-red-color\">CENTRO RECREACIONAL CALANA<\/span><\/h2>\n\n\n\n<p>El Centro Recreacional Calana, para los ingenieros del CIP Tacna, ofrece un espacio ideal de esparcimiento con piscina, zona de parrilla, cancha deportiva, juegos para ni\u00f1os y amplias \u00e1reas libres para el entretenimiento. Es un lugar perfecto para el descanso y la recreaci\u00f3n en un ambiente natural. Un espacio multifuncional para toda la familia.<\/p>\n<\/div>\n\n\n\n<div class=\"wp-block-column\">\n<div class=\"wp-block-columns\">\n<div class=\"wp-block-column\">\n<iframe src=\"https:\/\/www.google.com\/maps\/embed?pb=!1m18!1m12!1m3!1d3795.532741014999!2d-70.18413149794685!3d-17.953934923029536!2m3!1f0!2f0!3f0!3m2!1i1024!2i768!4f13.1!3m3!1m2!1s0x915ac5ecbbd6b3d3%3A0x80a2b6f3007f2fa1!2sCentro%20Recreacional%20Calana%20-%20Colegio%20de%20Ingenieros%20del%20Peru%20-%20CD%20Tacna!5e0!3m2!1ses-419!2spe!4v1742484639562!5m2!1ses-419!2spe\" width=\"400\" height=\"250\" style=\"border:0;\" allowfullscreen=\"\" loading=\"lazy\" referrerpolicy=\"no-referrer-when-downgrade\"><\/iframe>\n\n\n\n<a class=\"boton_ver_video\" href=\"http:\/\/www.ciptacna.org.pe\/web\/index.php\/centro-recreacional-de-calana\/\"> VER M\u00c1S FOTOS <\/a>\n<style type=\"text\/css\">\n\n.boton_ver_video{\n  text-align: center;\ndisplay:flex;\n}\n  .boton_ver_video{\nwidth:max-content;\nmargin:initial;\n    text-decoration: none;\n    padding: 5px;\n    font-weight: 600;\n    font-size: 15px;\n    color: #ffffff;\n    background-color: #e12800;\n    border-radius: 6px;\n border: 2px solid #e12800;\n  }\n  .boton_ver_video:hover{\n-webkit-box-shadow: 2px 2px 5px #999;\n  -moz-box-shadow: 2px 2px 5px #999;\n    color: #ffffff;\n    background-color: #e12800;\n border: 1px solid #e12800;\n  text-align: center;\n  }\n<\/style>\n<\/div>\n<\/div>\n<\/div>\n\n\n\n<div class=\"wp-block-column\">\n<figure class=\"wp-block-image size-large\"><img loading=\"lazy\" width=\"312\" height=\"306\" src=\"http:\/\/www.ciptacna.org.pe\/web\/wp-content\/uploads\/2025\/03\/centro-recreacional-Calana-1.png\" alt=\"\" class=\"wp-image-15069\" srcset=\"https:\/\/www.ciptacna.org.pe\/web\/wp-content\/uploads\/2025\/03\/centro-recreacional-Calana-1.png 312w, https:\/\/www.ciptacna.org.pe\/web\/wp-content\/uploads\/2025\/03\/centro-recreacional-Calana-1-300x294.png 300w\" sizes=\"(max-width: 312px) 100vw, 312px\" \/><\/figure>\n<\/div>\n<\/div>\n\n\n\n<div class=\"wp-block-columns\">\n<div class=\"wp-block-column\">\n<hr class=\"wp-block-separator\"\/>\n<\/div>\n<\/div>\n\n\n\n<div class=\"wp-block-columns\">\n<div class=\"wp-block-column\" style=\"flex-basis:33.33%\">\n<figure class=\"wp-block-image size-large\"><img loading=\"lazy\" width=\"906\" height=\"713\" src=\"http:\/\/www.ciptacna.org.pe\/web\/wp-content\/uploads\/2025\/03\/sala-de-computo.png\" alt=\"\" class=\"wp-image-15086\" srcset=\"https:\/\/www.ciptacna.org.pe\/web\/wp-content\/uploads\/2025\/03\/sala-de-computo.png 906w, https:\/\/www.ciptacna.org.pe\/web\/wp-content\/uploads\/2025\/03\/sala-de-computo-300x236.png 300w, https:\/\/www.ciptacna.org.pe\/web\/wp-content\/uploads\/2025\/03\/sala-de-computo-768x604.png 768w, https:\/\/www.ciptacna.org.pe\/web\/wp-content\/uploads\/2025\/03\/sala-de-computo-465x366.png 465w, https:\/\/www.ciptacna.org.pe\/web\/wp-content\/uploads\/2025\/03\/sala-de-computo-635x500.png 635w\" sizes=\"(max-width: 906px) 100vw, 906px\" \/><\/figure>\n<\/div>\n\n\n\n<div class=\"wp-block-column\" style=\"flex-basis:66.66%\">\n<h2 class=\"has-vivid-red-color has-text-color\">SALA DE COMPUTO<\/h2>\n\n\n\n<p>La Sala de C\u00f3mputo del CIP Tacna est\u00e1 equipada con 5 modernas m\u00e1quinas de alta capacidad, disponibles para el uso exclusivo de los agremiados. Este espacio ofrece un entorno c\u00f3modo y funcional para realizar tareas tecnol\u00f3gicas y profesionales. Las computadoras est\u00e1n dotadas de software actualizado para diversas aplicaciones. Es el lugar ideal para trabajar, estudiar o realizar proyectos en un ambiente profesional. Un servicio adicional para apoyar el desarrollo y las actividades de los ingenieros.<\/p>\n<\/div>\n<\/div>\n ","protected":false},"excerpt":{"rendered":"<p>ASESOR\u00cdA LEGAL ASESOR\u00cdA LEGAL GRATUITA (SOLO CONSULTAS), a cargo del Abogado Braddy Leonardo Alave Apaza (asesor legal externo del CIP). De lunes a jueves de 9:00 a.m. a 1:00 p.m. Comit\u00e9 10, Mz. 45, Lote 19 \u2013 Ciudad Nueva \u2013 Tacna (cerca a la Comisar\u00eda de Ciudad Nueva, frente a<span class=\"more-link\"><a href=\"https:\/\/www.ciptacna.org.pe\/web\/index.php\/beneficio-de-colegiados\/\">Continuar leyendo<\/a><\/span><\/p>\n","protected":false},"author":5,"featured_media":0,"parent":0,"menu_order":0,"comment_status":"closed","ping_status":"closed","template":"","meta":[],"_links":{"self":[{"href":"https:\/\/www.ciptacna.org.pe\/web\/index.php\/wp-json\/wp\/v2\/pages\/14986"}],"collection":[{"href":"https:\/\/www.ciptacna.org.pe\/web\/index.php\/wp-json\/wp\/v2\/pages"}],"about":[{"href":"https:\/\/www.ciptacna.org.pe\/web\/index.php\/wp-json\/wp\/v2\/types\/page"}],"author":[{"embeddable":true,"href":"https:\/\/www.ciptacna.org.pe\/web\/index.php\/wp-json\/wp\/v2\/users\/5"}],"replies":[{"embeddable":true,"href":"https:\/\/www.ciptacna.org.pe\/web\/index.php\/wp-json\/wp\/v2\/comments?post=14986"}],"version-history":[{"count":72,"href":"https:\/\/www.ciptacna.org.pe\/web\/index.php\/wp-json\/wp\/v2\/pages\/14986\/revisions"}],"predecessor-version":[{"id":15119,"href":"https:\/\/www.ciptacna.org.pe\/web\/index.php\/wp-json\/wp\/v2\/pages\/14986\/revisions\/15119"}],"wp:attachment":[{"href":"https:\/\/www.ciptacna.org.pe\/web\/index.php\/wp-json\/wp\/v2\/media?parent=14986"}],"curies":[{"name":"wp","href":"https:\/\/api.w.org\/{rel}","templated":true}]}}