{"id":15246,"date":"2025-05-19T10:33:09","date_gmt":"2025-05-19T15:33:09","guid":{"rendered":"http:\/\/www.ciptacna.org.pe\/web\/?page_id=15246"},"modified":"2025-05-19T11:04:24","modified_gmt":"2025-05-19T16:04:24","slug":"universidad-nacional-de-ingenieria","status":"publish","type":"page","link":"https:\/\/www.ciptacna.org.pe\/web\/index.php\/universidad-nacional-de-ingenieria\/","title":{"rendered":"UNIVERSIDAD NACIONAL DE INGENIER\u00cdA"},"content":{"rendered":"\n<div class=\"wp-block-columns\">\n<div class=\"wp-block-column\">\n<div style=\"max-width: 750px; margin: auto; padding: 30px; font-family: 'Segoe UI', sans-serif; background: #ffffff; border-radius: 16px; box-shadow: 0 8px 20px rgba(0, 0, 0, 0.08); border: 1px solid #ddd;\">\n  <div style=\"text-align: center; margin-bottom: 25px;\">\n    <img src=\"http:\/\/www.ciptacna.org.pe\/web\/wp-content\/uploads\/2025\/05\/UNIVERSIDAD-NACIONAL-DE-INGENIERIA.png\" alt=\"Logo UNI\" style=\"max-height: 110px; margin-bottom: 15px;\">\n    <h2 style=\"color: #a80000; margin: 0;\">Convenio con la Universidad Nacional de Ingenier\u00eda (UNI)<\/h2>\n    <p style=\"font-size: 15px; color: #555; margin-top: 8px;\">Convenio Marco de Colaboraci\u00f3n Interinstitucional<\/p>\n  <\/div>\n\n  <p style=\"color: #333; font-size: 16px; text-align: justify; line-height: 1.7; margin-bottom: 25px;\">\n    La <strong>Universidad Nacional de Ingenier\u00eda (UNI)<\/strong> es una de las instituciones acad\u00e9micas m\u00e1s prestigiosas del pa\u00eds, l\u00edder en formaci\u00f3n de ingenieros y profesionales en ciencia y tecnolog\u00eda. Fundada en 1876, la UNI destaca por su compromiso con la excelencia acad\u00e9mica, la innovaci\u00f3n y el desarrollo sostenible del Per\u00fa.\n  <\/p>\n\n  <div style=\"margin-top: 30px;\">\n    <table style=\"width: 100%; border-collapse: collapse; font-size: 16px;\">\n      <thead>\n        <tr style=\"background-color: #a80000; color: #fff;\">\n          <th style=\"padding: 12px; text-align: left;\">\ud83d\udccc Concepto<\/th>\n          <th style=\"padding: 12px; text-align: left;\">\ud83d\udd0e Detalle<\/th>\n        <\/tr>\n      <\/thead>\n      <tbody>\n        <tr style=\"background-color: #f9f9f9;\">\n          <td style=\"padding: 12px;\">\ud83e\udd1d Tipo de Convenio<\/td>\n          <td style=\"padding: 12px;\">Convenio Marco de Colaboraci\u00f3n Interinstitucional<\/td>\n        <\/tr>\n        <tr style=\"background-color: #fff;\">\n          <td style=\"padding: 12px;\">\ud83d\udce7 Correo de contacto<\/td>\n          <td style=\"padding: 12px;\"><a href=\"mailto:laldazaa@uni.edu.pe\" style=\"color: #a80000;\">laldazaa@uni.edu.pe<\/a><\/td>\n        <\/tr>\n  <tr style=\"background-color: #fff;\">\n          <td style=\"padding: 12px;\">\ud83d\udcde Tel\u00e9fono de Contacto<\/td>\n          <td style=\"padding: 12px;\"><a href=\"\" style=\"color: #a80000;\">947216035<\/a><\/td>\n        <\/tr>\n        <tr style=\"background-color: #f9f9f9;\">\n          <td style=\"padding: 12px;\">\ud83d\udcc5 Vigencia<\/td>\n          <td style=\"padding: 12px;\">Del 03 de mayo de 2021 al 03 de mayo de 2026<\/td>\n        <\/tr>\n      <\/tbody>\n    <\/table>\n  <\/div>\n\n  <div style=\"margin-top: 30px; text-align: center;\">\n    <a href=\"mailto:laldazaa@uni.edu.pe\" style=\"background-color: #a80000; color: #fff; padding: 12px 20px; border-radius: 8px; text-decoration: none; margin-right: 10px; font-weight: bold;\">\ud83d\udce9 Contactar por Correo<\/a>\n    \n    <a href=\"https:\/\/wa.me\/51947216035\" target=\"_blank\" style=\"background-color: #25d366; color: white; padding: 12px 20px; border-radius: 8px; text-decoration: none; font-weight: bold;\" rel=\"noopener\">\ud83d\udcac Contactar por WhatsApp<\/a>\n  <\/div>\n<\/div>\n<\/div>\n<\/div>\n ","protected":false},"excerpt":{"rendered":"<p>Convenio con la Universidad Nacional de Ingenier\u00eda (UNI) Convenio Marco de Colaboraci\u00f3n Interinstitucional La Universidad Nacional de Ingenier\u00eda (UNI) es una de las instituciones acad\u00e9micas m\u00e1s prestigiosas del pa\u00eds, l\u00edder en formaci\u00f3n de ingenieros y profesionales en ciencia y tecnolog\u00eda. Fundada en 1876, la UNI destaca por su compromiso con<span class=\"more-link\"><a href=\"https:\/\/www.ciptacna.org.pe\/web\/index.php\/universidad-nacional-de-ingenieria\/\">Continuar leyendo<\/a><\/span><\/p>\n","protected":false},"author":5,"featured_media":0,"parent":0,"menu_order":0,"comment_status":"closed","ping_status":"closed","template":"","meta":[],"_links":{"self":[{"href":"https:\/\/www.ciptacna.org.pe\/web\/index.php\/wp-json\/wp\/v2\/pages\/15246"}],"collection":[{"href":"https:\/\/www.ciptacna.org.pe\/web\/index.php\/wp-json\/wp\/v2\/pages"}],"about":[{"href":"https:\/\/www.ciptacna.org.pe\/web\/index.php\/wp-json\/wp\/v2\/types\/page"}],"author":[{"embeddable":true,"href":"https:\/\/www.ciptacna.org.pe\/web\/index.php\/wp-json\/wp\/v2\/users\/5"}],"replies":[{"embeddable":true,"href":"https:\/\/www.ciptacna.org.pe\/web\/index.php\/wp-json\/wp\/v2\/comments?post=15246"}],"version-history":[{"count":10,"href":"https:\/\/www.ciptacna.org.pe\/web\/index.php\/wp-json\/wp\/v2\/pages\/15246\/revisions"}],"predecessor-version":[{"id":15265,"href":"https:\/\/www.ciptacna.org.pe\/web\/index.php\/wp-json\/wp\/v2\/pages\/15246\/revisions\/15265"}],"wp:attachment":[{"href":"https:\/\/www.ciptacna.org.pe\/web\/index.php\/wp-json\/wp\/v2\/media?parent=15246"}],"curies":[{"name":"wp","href":"https:\/\/api.w.org\/{rel}","templated":true}]}}