{"id":15284,"date":"2025-05-19T18:41:47","date_gmt":"2025-05-19T23:41:47","guid":{"rendered":"http:\/\/www.ciptacna.org.pe\/web\/?page_id=15284"},"modified":"2026-02-26T20:01:08","modified_gmt":"2026-02-27T01:01:08","slug":"instituto-peruano-de-capacitacion-ipc","status":"publish","type":"page","link":"https:\/\/www.ciptacna.org.pe\/web\/index.php\/instituto-peruano-de-capacitacion-ipc\/","title":{"rendered":"INSTITUTO PERUANO DE CAPACITACI\u00d3N IPC"},"content":{"rendered":"\t\t<div data-elementor-type=\"wp-page\" data-elementor-id=\"15284\" class=\"elementor elementor-15284\" data-elementor-settings=\"[]\">\n\t\t\t\t\t\t\t<div class=\"elementor-section-wrap\">\n\t\t\t\t\t\t\t<section class=\"elementor-section elementor-top-section elementor-element elementor-element-3e26b7f4 elementor-section-boxed elementor-section-height-default elementor-section-height-default\" data-id=\"3e26b7f4\" data-element_type=\"section\">\n\t\t\t\t\t\t<div class=\"elementor-container elementor-column-gap-default\">\n\t\t\t\t\t<div class=\"elementor-column elementor-col-100 elementor-top-column elementor-element elementor-element-6d1157ea\" data-id=\"6d1157ea\" data-element_type=\"column\">\n\t\t\t<div class=\"elementor-widget-wrap elementor-element-populated\">\n\t\t\t\t\t\t\t\t<div class=\"elementor-element elementor-element-136ef809 elementor-widget elementor-widget-text-editor\" data-id=\"136ef809\" data-element_type=\"widget\" data-widget_type=\"text-editor.default\">\n\t\t\t\t<div class=\"elementor-widget-container\">\n\t\t\t<style>\/*! elementor - v3.5.6 - 28-02-2022 *\/\n.elementor-widget-text-editor.elementor-drop-cap-view-stacked .elementor-drop-cap{background-color:#818a91;color:#fff}.elementor-widget-text-editor.elementor-drop-cap-view-framed .elementor-drop-cap{color:#818a91;border:3px solid;background-color:transparent}.elementor-widget-text-editor:not(.elementor-drop-cap-view-default) .elementor-drop-cap{margin-top:8px}.elementor-widget-text-editor:not(.elementor-drop-cap-view-default) .elementor-drop-cap-letter{width:1em;height:1em}.elementor-widget-text-editor .elementor-drop-cap{float:left;text-align:center;line-height:1;font-size:50px}.elementor-widget-text-editor .elementor-drop-cap-letter{display:inline-block}<\/style>\t\t\t\t<!-- wp:html -->\n<div style=\"border: 2px solid #005bab; padding: 20px; border-radius: 10px; max-width: 800px; margin: auto; font-family: Arial, sans-serif; background: #f9f9f9;\">\n\n  <!-- Logo -->\n  <div style=\"text-align: center; margin-bottom: 15px;\">\n    <img src=\"http:\/\/www.ciptacna.org.pe\/web\/wp-content\/uploads\/2025\/05\/IPC.png\" \n         alt=\"Logo Instituto Peruano de Capacitaci\u00f3n - IPC\" \n         style=\"max-height: 100px;\">\n  <\/div>\n\n  <h2 style=\"color: #005bab; text-align: center;\">Instituto Peruano de Capacitaci\u00f3n &#8211; IPC<\/h2>\n  <p style=\"text-align: center;\"><strong>Tu oportunidad de crecimiento profesional<\/strong> a trav\u00e9s de convenios con cursos, seminarios y diplomados accesibles.<\/p>\n\n  <table style=\"width: 100%; border-collapse: collapse; margin-top: 20px;\">\n    <tbody>\n      <tr style=\"background-color: #005bab; color: #ffffff;\">\n        <th style=\"padding: 10px; text-align: left;\">Secci\u00f3n<\/th>\n        <th style=\"padding: 10px; text-align: left;\">Detalles<\/th>\n      <\/tr>\n\n      <tr style=\"background-color: #eaf2f8;\">\n        <td style=\"padding: 10px;\"><strong>\ud83c\udf93 Beneficios<\/strong><\/td>\n        <td style=\"padding: 10px;\">&#8211; 03 Becas integrales<br \/>&#8211; 05 Semibecas con descuentos especiales<\/td>\n      <\/tr>\n\n      <tr style=\"background-color: #ffffff;\">\n        <td style=\"padding: 10px;\"><strong>\ud83d\udcb2 Costos<\/strong><\/td>\n        <td style=\"padding: 10px;\">&#8211; Certificaci\u00f3n: S\/. 20.00<br \/>&#8211; Diplomado: S\/. 60.00<br \/>&#8211; Alquiler de aula: S\/. 250.00<\/td>\n      <\/tr>\n\n      <tr style=\"background-color: #eaf2f8;\">\n        <td style=\"padding: 10px;\"><strong>\ud83d\udcc5 Vigencia<\/strong><\/td>\n        <td style=\"padding: 10px;\">Del 29 de abril de 2025 al 31 de diciembre de 2027<\/td>\n      <\/tr>\n\n      <tr style=\"background-color: #ffffff;\">\n        <td style=\"padding: 10px;\"><strong>\ud83d\udcde Contacto<\/strong><\/td>\n        <td style=\"padding: 10px;\">Tel\u00e9fonos:<br \/>\n          <a href=\"tel:+51987891967\">987 891 967<\/a><br \/>\n          <a href=\"tel:+51921163919\">921 163 919<\/a>\n        <\/td>\n      <\/tr>\n\n      <tr style=\"background-color: #eaf2f8;\">\n        <td style=\"padding: 10px;\"><strong>\ud83d\udce7 Correo<\/strong><\/td>\n        <td style=\"padding: 10px;\">\n          <a href=\"mailto:institutoipcperu@hotmail.com\">institutoipcperu@hotmail.com<\/a>\n        <\/td>\n      <\/tr>\n\n    <\/tbody>\n  <\/table>\n\n  <!-- Bot\u00f3n WhatsApp -->\n  <div style=\"text-align: center; margin-top: 25px;\">\n    <a href=\"https:\/\/wa.me\/51987891967\" target=\"_blank\"\n       style=\"background-color: #25D366; color: #ffffff; padding: 12px 24px; border-radius: 50px; text-decoration: none; font-weight: bold; display: inline-block; box-shadow: 0 4px 8px rgba(0,0,0,0.2);\">\n       \ud83d\udcf2 Contactar por WhatsApp\n    <\/a>\n  <\/div>\n\n<\/div>\n<!-- \/wp:html -->\n\n<!-- wp:paragraph -->\n<p>&nbsp;<\/p>\n<!-- \/wp:paragraph -->\t\t\t\t\t\t<\/div>\n\t\t\t\t<\/div>\n\t\t\t\t\t<\/div>\n\t\t<\/div>\n\t\t\t\t\t\t\t<\/div>\n\t\t<\/section>\n\t\t\t\t\t\t<\/div>\n\t\t\t\t\t<\/div>\n\t\t ","protected":false},"excerpt":{"rendered":"<p>Instituto Peruano de Capacitaci\u00f3n &#8211; IPC Tu oportunidad de crecimiento profesional a trav\u00e9s de convenios con cursos, seminarios y diplomados accesibles. Secci\u00f3n Detalles \ud83c\udf93 Beneficios &#8211; 03 Becas integrales&#8211; 05 Semibecas con descuentos especiales \ud83d\udcb2 Costos &#8211; Certificaci\u00f3n: S\/. 20.00&#8211; Diplomado: S\/. 60.00&#8211; Alquiler de aula: S\/. 250.00 \ud83d\udcc5 Vigencia<span class=\"more-link\"><a href=\"https:\/\/www.ciptacna.org.pe\/web\/index.php\/instituto-peruano-de-capacitacion-ipc\/\">Continuar leyendo<\/a><\/span><\/p>\n","protected":false},"author":5,"featured_media":0,"parent":0,"menu_order":0,"comment_status":"closed","ping_status":"closed","template":"","meta":[],"_links":{"self":[{"href":"https:\/\/www.ciptacna.org.pe\/web\/index.php\/wp-json\/wp\/v2\/pages\/15284"}],"collection":[{"href":"https:\/\/www.ciptacna.org.pe\/web\/index.php\/wp-json\/wp\/v2\/pages"}],"about":[{"href":"https:\/\/www.ciptacna.org.pe\/web\/index.php\/wp-json\/wp\/v2\/types\/page"}],"author":[{"embeddable":true,"href":"https:\/\/www.ciptacna.org.pe\/web\/index.php\/wp-json\/wp\/v2\/users\/5"}],"replies":[{"embeddable":true,"href":"https:\/\/www.ciptacna.org.pe\/web\/index.php\/wp-json\/wp\/v2\/comments?post=15284"}],"version-history":[{"count":5,"href":"https:\/\/www.ciptacna.org.pe\/web\/index.php\/wp-json\/wp\/v2\/pages\/15284\/revisions"}],"predecessor-version":[{"id":16959,"href":"https:\/\/www.ciptacna.org.pe\/web\/index.php\/wp-json\/wp\/v2\/pages\/15284\/revisions\/16959"}],"wp:attachment":[{"href":"https:\/\/www.ciptacna.org.pe\/web\/index.php\/wp-json\/wp\/v2\/media?parent=15284"}],"curies":[{"name":"wp","href":"https:\/\/api.w.org\/{rel}","templated":true}]}}