{"id":15609,"date":"2025-06-30T17:23:03","date_gmt":"2025-06-30T22:23:03","guid":{"rendered":"http:\/\/www.ciptacna.org.pe\/web\/?page_id=15609"},"modified":"2025-07-11T11:55:40","modified_gmt":"2025-07-11T16:55:40","slug":"wcad-service","status":"publish","type":"page","link":"https:\/\/www.ciptacna.org.pe\/web\/index.php\/wcad-service\/","title":{"rendered":"WCAD SERVICE"},"content":{"rendered":"\n<div style=\"max-width: 750px; margin: auto; padding: 30px; font-family: 'Segoe UI', sans-serif; background: #ffffff; border-radius: 16px; box-shadow: 0 8px 20px rgba(0, 0, 0, 0.08); border: 1px solid #ddd;\">\n  <div style=\"text-align: center; margin-bottom: 25px;\">\n    <img src=\"http:\/\/www.ciptacna.org.pe\/web\/wp-content\/uploads\/2025\/CONVENIOS\/WCAD.jpg\" alt=\"Logo WCAD SERVICE\" style=\"max-height: 110px; margin-bottom: 15px;\">\n    <h2 style=\"color: #a80000; margin: 0;\">Convenio con WCAD SERVICE<\/h2>\n    <p style=\"font-size: 15px; color: #555; margin-top: 8px;\">Cursos, Seminarios, Programas de Especializaci\u00f3n y Diplomados<\/p>\n  <\/div>\n\n  <p style=\"color: #333; font-size: 16px; text-align: justify; line-height: 1.7; margin-bottom: 25px;\">\n    <strong>WCAD SERVICE Consultor\u00eda e Ingenier\u00eda de Proyectos EIRL<\/strong> es una empresa dedicada a la capacitaci\u00f3n profesional y el desarrollo de proyectos de ingenier\u00eda. Gracias a este convenio, se ofrecen becas y semibecas en sus programas acad\u00e9micos.\n  <\/p>\n\n<div style=\"margin-top: 30px;\">\n    <table style=\"width: 100%; border-collapse: collapse; font-size: 16px;\">\n      <thead>\n        <tr style=\"background-color: #008196; color: #fff;\">\n          <th style=\"padding: 12px; text-align: left;\">\ud83d\udccc Concepto<\/th>\n          <th style=\"padding: 12px; text-align: left;\">\ud83d\udd0e Detalle<\/th>\n        <\/tr>\n      <\/thead>\n      <tbody>\n        <tr style=\"background-color: #f9f9f9;\">\n          <td style=\"padding: 12px;\">\ud83e\udd1d Tipo de Convenio<\/td>\n          <td style=\"padding: 12px;\">Cursos, Seminarios, Programas de Especializaci\u00f3n y Diplomados<\/td>\n        <\/tr>\n        <tr style=\"background-color: #fff;\">\n          <td style=\"padding: 12px;\">\ud83d\udc64 Responsable<\/td>\n          <td style=\"padding: 12px;\">Ing. Walker M\u00e9ndez Payehuanca<\/td>\n        <\/tr>\n        <tr style=\"background-color: #f9f9f9;\">\n          <td style=\"padding: 12px;\">\ud83c\udf81 Beneficios<\/td>\n          <td style=\"padding: 12px;\">3 Becas, 5 Semibecas<\/td>\n        <\/tr>\n        <tr style=\"background-color: #fff;\">\n          <td style=\"padding: 12px;\">\ud83d\udcb2 Costos Preferenciales<\/td>\n          <td style=\"padding: 12px;\">Certificados S\/. 20.00 &#8211; Diplomados S\/. 60.00<\/td>\n        <\/tr>\n        <tr style=\"background-color: #f9f9f9;\">\n          <td style=\"padding: 12px;\">\ud83d\udccd Direcci\u00f3n<\/td>\n          <td style=\"padding: 12px;\">Calle Scippion Llona N\u00b0 108, Dpto. 505, Lima &#8211; Miraflores<\/td>\n        <\/tr>\n        <tr style=\"background-color: #fff;\">\n          <td style=\"padding: 12px;\">\ud83d\udcde Tel\u00e9fono de Contacto<\/td>\n          <td style=\"padding: 12px;\">\n            <a href=\"https:\/\/wa.me\/51949663219\" style=\"color: #a80000;\">949663219<\/a>\n          <\/td>\n        <\/tr>\n        <tr style=\"background-color: #f9f9f9;\">\n          <td style=\"padding: 12px;\">\ud83d\udce7 Correo de Contacto<\/td>\n          <td style=\"padding: 12px;\"><a href=\"mailto:walkermendez@wcadservice.com\" style=\"color: #a80000;\">walkermendez@wcadservice.com<\/a><\/td>\n        <\/tr>\n        <tr style=\"background-color: #fff;\">\n          <td style=\"padding: 12px;\">\ud83d\udcc5 Vigencia<\/td>\n          <td style=\"padding: 12px;\">Del 04 de junio de 2025 al 31 de diciembre de 2026<\/td>\n        <\/tr>\n      <\/tbody>\n    <\/table>\n  <\/div>\n\n  <div style=\"margin-top: 30px; text-align: center;\">\n    <a href=\"mailto:walkermendez@wcadservice.com\" style=\"background-color: #a80000; color: #fff; padding: 12px 20px; border-radius: 8px; text-decoration: none; margin-right: 10px; font-weight: bold;\">\ud83d\udce9 Contactar por Correo<\/a>\n    \n    <a href=\"https:\/\/wa.me\/51949663219\" target=\"_blank\" style=\"background-color: #25d366; color: white; padding: 12px 20px; border-radius: 8px; text-decoration: none; font-weight: bold;\" rel=\"noopener\">\ud83d\udcac WhatsApp 949663219<\/a>\n    \n  <\/div>\n<\/div>\n ","protected":false},"excerpt":{"rendered":"<p>Convenio con WCAD SERVICE Cursos, Seminarios, Programas de Especializaci\u00f3n y Diplomados WCAD SERVICE Consultor\u00eda e Ingenier\u00eda de Proyectos EIRL es una empresa dedicada a la capacitaci\u00f3n profesional y el desarrollo de proyectos de ingenier\u00eda. Gracias a este convenio, se ofrecen becas y semibecas en sus programas acad\u00e9micos. \ud83d\udccc Concepto \ud83d\udd0e<span class=\"more-link\"><a href=\"https:\/\/www.ciptacna.org.pe\/web\/index.php\/wcad-service\/\">Continuar leyendo<\/a><\/span><\/p>\n","protected":false},"author":5,"featured_media":0,"parent":0,"menu_order":0,"comment_status":"closed","ping_status":"closed","template":"","meta":[],"_links":{"self":[{"href":"https:\/\/www.ciptacna.org.pe\/web\/index.php\/wp-json\/wp\/v2\/pages\/15609"}],"collection":[{"href":"https:\/\/www.ciptacna.org.pe\/web\/index.php\/wp-json\/wp\/v2\/pages"}],"about":[{"href":"https:\/\/www.ciptacna.org.pe\/web\/index.php\/wp-json\/wp\/v2\/types\/page"}],"author":[{"embeddable":true,"href":"https:\/\/www.ciptacna.org.pe\/web\/index.php\/wp-json\/wp\/v2\/users\/5"}],"replies":[{"embeddable":true,"href":"https:\/\/www.ciptacna.org.pe\/web\/index.php\/wp-json\/wp\/v2\/comments?post=15609"}],"version-history":[{"count":4,"href":"https:\/\/www.ciptacna.org.pe\/web\/index.php\/wp-json\/wp\/v2\/pages\/15609\/revisions"}],"predecessor-version":[{"id":15739,"href":"https:\/\/www.ciptacna.org.pe\/web\/index.php\/wp-json\/wp\/v2\/pages\/15609\/revisions\/15739"}],"wp:attachment":[{"href":"https:\/\/www.ciptacna.org.pe\/web\/index.php\/wp-json\/wp\/v2\/media?parent=15609"}],"curies":[{"name":"wp","href":"https:\/\/api.w.org\/{rel}","templated":true}]}}