{"id":15748,"date":"2025-07-11T12:02:24","date_gmt":"2025-07-11T17:02:24","guid":{"rendered":"http:\/\/www.ciptacna.org.pe\/web\/?page_id=15748"},"modified":"2025-07-11T12:14:28","modified_gmt":"2025-07-11T17:14:28","slug":"peru-agro","status":"publish","type":"page","link":"https:\/\/www.ciptacna.org.pe\/web\/index.php\/peru-agro\/","title":{"rendered":"PERU AGRO"},"content":{"rendered":"\n<div style=\"max-width: 750px; margin: auto; padding: 30px; font-family: 'Segoe UI', sans-serif; background: #ffffff; border-radius: 16px; box-shadow: 0 8px 20px rgba(0, 0, 0, 0.08); border: 1px solid #ddd;\">\n  <div style=\"text-align: center; margin-bottom: 25px;\">\n    <img src=\"http:\/\/www.ciptacna.org.pe\/web\/wp-content\/uploads\/2025\/CONVENIOS\/PERU_AGRO.jpeg\" alt=\"Logo PER\u00da AGRO\" style=\"max-height: 110px; margin-bottom: 15px;\">\n    <h2 style=\"color: #a80000; margin: 0;\">Convenio con PER\u00da AGRO<\/h2>\n    <p style=\"font-size: 15px; color: #555; margin-top: 8px;\">Convenio Marco de Cooperaci\u00f3n<\/p>\n  <\/div>\n\n  <p style=\"color: #333; font-size: 16px; text-align: justify; line-height: 1.7; margin-bottom: 25px;\">\n    <strong>PER\u00da AGRO<\/strong> es una instituci\u00f3n especializada en el desarrollo de <strong>cursos, seminarios, programas de especializaci\u00f3n y diplomados<\/strong>, con el objetivo de fortalecer las capacidades t\u00e9cnicas y profesionales del sector agropecuario y otros sectores productivos del pa\u00eds.\n  <\/p>\n\n  <div style=\"margin-top: 30px;\">\n    <table style=\"width: 100%; border-collapse: collapse; font-size: 16px;\">\n      <thead>\n        <tr style=\"background-color: #7AC965; color: #fff;\">\n          <th style=\"padding: 12px; text-align: left;\">\ud83d\udccc Concepto<\/th>\n          <th style=\"padding: 12px; text-align: left;\">\ud83d\udd0e Detalle<\/th>\n        <\/tr>\n      <\/thead>\n      <tbody>\n        <tr style=\"background-color: #f9f9f9;\">\n          <td style=\"padding: 12px;\">\ud83e\udd1d Tipo de Convenio<\/td>\n          <td style=\"padding: 12px;\">Convenio Marco de Cooperaci\u00f3n<\/td>\n        <\/tr>\n        <tr style=\"background-color: #fff;\">\n          <td style=\"padding: 12px;\">\ud83d\udc64 Responsable<\/td>\n          <td style=\"padding: 12px;\">Alexander Roberto Flores Gonzales (Gerente General)<\/td>\n        <\/tr>\n        <tr style=\"background-color: #f9f9f9;\">\n          <td style=\"padding: 12px;\">\ud83c\udf81 Beneficios<\/td>\n          <td style=\"padding: 12px;\">03 becas completas y 05 semibecas para programas acad\u00e9micos<\/td>\n        <\/tr>\n        <tr style=\"background-color: #fff;\">\n          <td style=\"padding: 12px;\">\ud83d\udcb0 Costos Preferenciales<\/td>\n          <td style=\"padding: 12px;\">Certificados: S\/ 20.00 &nbsp;&nbsp;&nbsp;|&nbsp;&nbsp;&nbsp; Diplomados: S\/ 60.00<\/td>\n        <\/tr>\n        <tr style=\"background-color: #f9f9f9;\">\n          <td style=\"padding: 12px;\">\ud83d\udccd Direcci\u00f3n<\/td>\n          <td style=\"padding: 12px;\">Almirante Grau N\u00b0 310, Rioka San Mart\u00edn<\/td>\n        <\/tr>\n        <tr style=\"background-color: #fff;\">\n          <td style=\"padding: 12px;\">\ud83d\udcde Tel\u00e9fono de Contacto<\/td>\n          <td style=\"padding: 12px;\">\n            <a href=\"https:\/\/wa.me\/51943423068\" style=\"color: #a80000;\">943 423 068<\/a>\n          <\/td>\n        <\/tr>\n        <tr style=\"background-color: #f9f9f9;\">\n          <td style=\"padding: 12px;\">\ud83d\udce7 Correo de Contacto<\/td>\n          <td style=\"padding: 12px;\"><a href=\"mailto:alexanderfloresgonzales119@gmail.com\" style=\"color: #a80000;\">alexanderfloresgonzales119@gmail.com<\/a><\/td>\n        <\/tr>\n        <tr style=\"background-color: #fff;\">\n          <td style=\"padding: 12px;\">\ud83d\udcc5 Vigencia<\/td>\n          <td style=\"padding: 12px;\">Del 27 de junio al 31 de diciembre de 2026<\/td>\n        <\/tr>\n      <\/tbody>\n    <\/table>\n  <\/div>\n\n  <div style=\"margin-top: 30px; text-align: center;\">\n    <a href=\"mailto:alexanderfloresgonzales119@gmail.com\" style=\"background-color: #a80000; color: #fff; padding: 12px 20px; border-radius: 8px; text-decoration: none; margin-right: 10px; font-weight: bold;\">\ud83d\udce9 Contactar por Correo<\/a>\n    \n    <a href=\"https:\/\/wa.me\/51943423068\" target=\"_blank\" style=\"background-color: #25d366; color: white; padding: 12px 20px; border-radius: 8px; text-decoration: none; font-weight: bold;\" rel=\"noopener\">\ud83d\udcac WhatsApp 943 423 068<\/a>\n  <\/div>\n<\/div>\n\n ","protected":false},"excerpt":{"rendered":"<p>Convenio con PER\u00da AGRO Convenio Marco de Cooperaci\u00f3n PER\u00da AGRO es una instituci\u00f3n especializada en el desarrollo de cursos, seminarios, programas de especializaci\u00f3n y diplomados, con el objetivo de fortalecer las capacidades t\u00e9cnicas y profesionales del sector agropecuario y otros sectores productivos del pa\u00eds. \ud83d\udccc Concepto \ud83d\udd0e Detalle \ud83e\udd1d Tipo<span class=\"more-link\"><a href=\"https:\/\/www.ciptacna.org.pe\/web\/index.php\/peru-agro\/\">Continuar leyendo<\/a><\/span><\/p>\n","protected":false},"author":5,"featured_media":0,"parent":0,"menu_order":0,"comment_status":"closed","ping_status":"closed","template":"","meta":[],"_links":{"self":[{"href":"https:\/\/www.ciptacna.org.pe\/web\/index.php\/wp-json\/wp\/v2\/pages\/15748"}],"collection":[{"href":"https:\/\/www.ciptacna.org.pe\/web\/index.php\/wp-json\/wp\/v2\/pages"}],"about":[{"href":"https:\/\/www.ciptacna.org.pe\/web\/index.php\/wp-json\/wp\/v2\/types\/page"}],"author":[{"embeddable":true,"href":"https:\/\/www.ciptacna.org.pe\/web\/index.php\/wp-json\/wp\/v2\/users\/5"}],"replies":[{"embeddable":true,"href":"https:\/\/www.ciptacna.org.pe\/web\/index.php\/wp-json\/wp\/v2\/comments?post=15748"}],"version-history":[{"count":3,"href":"https:\/\/www.ciptacna.org.pe\/web\/index.php\/wp-json\/wp\/v2\/pages\/15748\/revisions"}],"predecessor-version":[{"id":15762,"href":"https:\/\/www.ciptacna.org.pe\/web\/index.php\/wp-json\/wp\/v2\/pages\/15748\/revisions\/15762"}],"wp:attachment":[{"href":"https:\/\/www.ciptacna.org.pe\/web\/index.php\/wp-json\/wp\/v2\/media?parent=15748"}],"curies":[{"name":"wp","href":"https:\/\/api.w.org\/{rel}","templated":true}]}}