{"id":15825,"date":"2025-07-16T12:21:13","date_gmt":"2025-07-16T17:21:13","guid":{"rendered":"http:\/\/www.ciptacna.org.pe\/web\/?page_id=15825"},"modified":"2025-08-27T20:02:32","modified_gmt":"2025-08-28T01:02:32","slug":"publicaciones-comision-tecnica","status":"publish","type":"page","link":"https:\/\/www.ciptacna.org.pe\/web\/index.php\/publicaciones-comision-tecnica\/","title":{"rendered":"PUBLICACIONES"},"content":{"rendered":"\n<p class=\"has-text-align-center\" style=\"font-size:22px\"><strong>PUBLICACI\u00d3N FINAL DE RESULTADOS<\/strong><\/p>\n\n\n\n<div class=\"wp-block-image\"><figure class=\"aligncenter size-large is-resized\"><a href=\"https:\/\/www.ciptacna.org.pe\/web\/wp-content\/uploads\/2025\/08\/1-1.png\"><img loading=\"lazy\" src=\"https:\/\/www.ciptacna.org.pe\/web\/wp-content\/uploads\/2025\/08\/1-1-819x1024.png\" alt=\"\" class=\"wp-image-16074\" width=\"568\" height=\"711\" srcset=\"https:\/\/www.ciptacna.org.pe\/web\/wp-content\/uploads\/2025\/08\/1-1-819x1024.png 819w, https:\/\/www.ciptacna.org.pe\/web\/wp-content\/uploads\/2025\/08\/1-1-240x300.png 240w, https:\/\/www.ciptacna.org.pe\/web\/wp-content\/uploads\/2025\/08\/1-1-768x960.png 768w, https:\/\/www.ciptacna.org.pe\/web\/wp-content\/uploads\/2025\/08\/1-1-440x550.png 440w, https:\/\/www.ciptacna.org.pe\/web\/wp-content\/uploads\/2025\/08\/1-1-400x500.png 400w, https:\/\/www.ciptacna.org.pe\/web\/wp-content\/uploads\/2025\/08\/1-1.png 1080w\" sizes=\"(max-width: 568px) 100vw, 568px\" \/><\/a><\/figure><\/div>\n\n\n\n<div class=\"wp-block-image\"><figure class=\"aligncenter size-large is-resized\"><a href=\"https:\/\/www.ciptacna.org.pe\/web\/wp-content\/uploads\/2025\/08\/2-1.png\"><img loading=\"lazy\" src=\"https:\/\/www.ciptacna.org.pe\/web\/wp-content\/uploads\/2025\/08\/2-1-819x1024.png\" alt=\"\" class=\"wp-image-16075\" width=\"568\" height=\"710\" srcset=\"https:\/\/www.ciptacna.org.pe\/web\/wp-content\/uploads\/2025\/08\/2-1-819x1024.png 819w, https:\/\/www.ciptacna.org.pe\/web\/wp-content\/uploads\/2025\/08\/2-1-240x300.png 240w, https:\/\/www.ciptacna.org.pe\/web\/wp-content\/uploads\/2025\/08\/2-1-768x960.png 768w, https:\/\/www.ciptacna.org.pe\/web\/wp-content\/uploads\/2025\/08\/2-1-440x550.png 440w, https:\/\/www.ciptacna.org.pe\/web\/wp-content\/uploads\/2025\/08\/2-1-400x500.png 400w, https:\/\/www.ciptacna.org.pe\/web\/wp-content\/uploads\/2025\/08\/2-1.png 1080w\" sizes=\"(max-width: 568px) 100vw, 568px\" \/><\/a><\/figure><\/div>\n\n\n\n<p class=\"has-text-align-center\" style=\"font-size:22px\"><strong>EVALUACI\u00d3N DE CONOCIMIENTOS Y EVALUACI\u00d3N CURRICULAR<\/strong><\/p>\n\n\n\n<div class=\"wp-block-image\"><figure class=\"aligncenter size-large is-resized\"><a href=\"https:\/\/www.ciptacna.org.pe\/web\/wp-content\/uploads\/2025\/08\/1.png\"><img loading=\"lazy\" src=\"https:\/\/www.ciptacna.org.pe\/web\/wp-content\/uploads\/2025\/08\/1-819x1024.png\" alt=\"\" class=\"wp-image-16043\" width=\"573\" height=\"716\" srcset=\"https:\/\/www.ciptacna.org.pe\/web\/wp-content\/uploads\/2025\/08\/1-819x1024.png 819w, https:\/\/www.ciptacna.org.pe\/web\/wp-content\/uploads\/2025\/08\/1-240x300.png 240w, https:\/\/www.ciptacna.org.pe\/web\/wp-content\/uploads\/2025\/08\/1-768x960.png 768w, https:\/\/www.ciptacna.org.pe\/web\/wp-content\/uploads\/2025\/08\/1-440x550.png 440w, https:\/\/www.ciptacna.org.pe\/web\/wp-content\/uploads\/2025\/08\/1-400x500.png 400w, https:\/\/www.ciptacna.org.pe\/web\/wp-content\/uploads\/2025\/08\/1.png 1080w\" sizes=\"(max-width: 573px) 100vw, 573px\" \/><\/a><\/figure><\/div>\n\n\n\n<div class=\"wp-block-image\"><figure class=\"aligncenter size-large is-resized\"><a href=\"https:\/\/www.ciptacna.org.pe\/web\/wp-content\/uploads\/2025\/08\/2.png\"><img loading=\"lazy\" src=\"https:\/\/www.ciptacna.org.pe\/web\/wp-content\/uploads\/2025\/08\/2-819x1024.png\" alt=\"\" class=\"wp-image-16044\" width=\"578\" height=\"722\" srcset=\"https:\/\/www.ciptacna.org.pe\/web\/wp-content\/uploads\/2025\/08\/2-819x1024.png 819w, https:\/\/www.ciptacna.org.pe\/web\/wp-content\/uploads\/2025\/08\/2-240x300.png 240w, https:\/\/www.ciptacna.org.pe\/web\/wp-content\/uploads\/2025\/08\/2-768x960.png 768w, https:\/\/www.ciptacna.org.pe\/web\/wp-content\/uploads\/2025\/08\/2-440x550.png 440w, https:\/\/www.ciptacna.org.pe\/web\/wp-content\/uploads\/2025\/08\/2-400x500.png 400w, https:\/\/www.ciptacna.org.pe\/web\/wp-content\/uploads\/2025\/08\/2.png 1080w\" sizes=\"(max-width: 578px) 100vw, 578px\" \/><\/a><\/figure><\/div>\n\n\n\n<div class=\"wp-block-image\"><figure class=\"aligncenter size-large is-resized\"><a href=\"https:\/\/www.ciptacna.org.pe\/web\/wp-content\/uploads\/2025\/08\/3.png\"><img loading=\"lazy\" src=\"https:\/\/www.ciptacna.org.pe\/web\/wp-content\/uploads\/2025\/08\/3-819x1024.png\" alt=\"\" class=\"wp-image-16045\" width=\"582\" height=\"728\" srcset=\"https:\/\/www.ciptacna.org.pe\/web\/wp-content\/uploads\/2025\/08\/3-819x1024.png 819w, https:\/\/www.ciptacna.org.pe\/web\/wp-content\/uploads\/2025\/08\/3-240x300.png 240w, https:\/\/www.ciptacna.org.pe\/web\/wp-content\/uploads\/2025\/08\/3-768x960.png 768w, https:\/\/www.ciptacna.org.pe\/web\/wp-content\/uploads\/2025\/08\/3-440x550.png 440w, https:\/\/www.ciptacna.org.pe\/web\/wp-content\/uploads\/2025\/08\/3-400x500.png 400w, https:\/\/www.ciptacna.org.pe\/web\/wp-content\/uploads\/2025\/08\/3.png 1080w\" sizes=\"(max-width: 582px) 100vw, 582px\" \/><\/a><\/figure><\/div>\n ","protected":false},"excerpt":{"rendered":"<p>PUBLICACI\u00d3N FINAL DE RESULTADOS EVALUACI\u00d3N DE CONOCIMIENTOS Y EVALUACI\u00d3N CURRICULAR<\/p>\n","protected":false},"author":5,"featured_media":0,"parent":0,"menu_order":0,"comment_status":"closed","ping_status":"closed","template":"","meta":[],"_links":{"self":[{"href":"https:\/\/www.ciptacna.org.pe\/web\/index.php\/wp-json\/wp\/v2\/pages\/15825"}],"collection":[{"href":"https:\/\/www.ciptacna.org.pe\/web\/index.php\/wp-json\/wp\/v2\/pages"}],"about":[{"href":"https:\/\/www.ciptacna.org.pe\/web\/index.php\/wp-json\/wp\/v2\/types\/page"}],"author":[{"embeddable":true,"href":"https:\/\/www.ciptacna.org.pe\/web\/index.php\/wp-json\/wp\/v2\/users\/5"}],"replies":[{"embeddable":true,"href":"https:\/\/www.ciptacna.org.pe\/web\/index.php\/wp-json\/wp\/v2\/comments?post=15825"}],"version-history":[{"count":4,"href":"https:\/\/www.ciptacna.org.pe\/web\/index.php\/wp-json\/wp\/v2\/pages\/15825\/revisions"}],"predecessor-version":[{"id":16077,"href":"https:\/\/www.ciptacna.org.pe\/web\/index.php\/wp-json\/wp\/v2\/pages\/15825\/revisions\/16077"}],"wp:attachment":[{"href":"https:\/\/www.ciptacna.org.pe\/web\/index.php\/wp-json\/wp\/v2\/media?parent=15825"}],"curies":[{"name":"wp","href":"https:\/\/api.w.org\/{rel}","templated":true}]}}