{"id":16163,"date":"2025-09-03T16:25:17","date_gmt":"2025-09-03T21:25:17","guid":{"rendered":"https:\/\/www.ciptacna.org.pe\/web\/?page_id=16163"},"modified":"2025-09-03T16:30:26","modified_gmt":"2025-09-03T21:30:26","slug":"acee-group","status":"publish","type":"page","link":"https:\/\/www.ciptacna.org.pe\/web\/index.php\/acee-group\/","title":{"rendered":"ACEE GROUP"},"content":{"rendered":"\n<!-- Tarjeta Convenio ACEE Group -->\n<div style=\"max-width: 750px; margin: auto; padding: 30px; font-family: 'Segoe UI', sans-serif; background: #ffffff; border-radius: 16px; box-shadow: 0 8px 20px rgba(0, 0, 0, 0.08); border: 1px solid #ddd;\" data-aos=\"fade-up\">\n  <div style=\"text-align: center; margin-bottom: 25px;\">\n    <img src=\"https:\/\/www.ciptacna.org.pe\/web\/wp-content\/uploads\/2025\/CONVENIOS\/ACEE.jpeg\" alt=\"Logo ACEE Group\" style=\"max-height: 110px; margin-bottom: 15px;\">\n    <h2 style=\"color: #a80000; margin: 0;\">Convenio con ACEE GROUP<\/h2>\n    <p style=\"font-size: 15px; color: #555; margin-top: 8px;\">Capacitaci\u00f3n y especializaci\u00f3n profesional para colegiados CIP CD Tacna<\/p>\n  <\/div>\n\n  <p style=\"color: #333; font-size: 16px; text-align: justify; line-height: 1.7; margin-bottom: 25px;\">\n    El <strong>Colegio de Ingenieros del Per\u00fa &#8211; Consejo Departamental Tacna<\/strong> ha firmado un convenio con <strong>ACEE GROUP<\/strong>, empresa especializada en capacitaci\u00f3n ejecutiva y programas formativos, para brindar acceso preferencial a cursos, seminarios, diplomados y certificaciones para nuestros ingenieros colegiados.\n  <\/p>\n\n  <div style=\"margin-top: 30px;\">\n    <table style=\"width: 100%; border-collapse: collapse; font-size: 16px;\">\n      <thead>\n        <tr style=\"background-color: #9E4596; color: #fff;\">\n          <th style=\"padding: 12px; text-align: left;\">\ud83d\udccc Beneficio<\/th>\n          <th style=\"padding: 12px; text-align: left;\">\ud83d\udd0e Detalle<\/th>\n        <\/tr>\n      <\/thead>\n      <tbody>\n        <tr style=\"background-color: #f9f9f9;\">\n          <td style=\"padding: 12px;\">\ud83c\udf93 Tipo de Programas<\/td>\n          <td style=\"padding: 12px;\">Cursos, Seminarios, Programas de Especializaci\u00f3n y Diplomados<\/td>\n        <\/tr>\n        <tr style=\"background-color: #fff;\">\n          <td style=\"padding: 12px;\">\ud83c\udf81 Beneficios<\/td>\n          <td style=\"padding: 12px;\">03 Becas integrales y 05 Semibecas para colegiados CIP CD Tacna<\/td>\n        <\/tr>\n        <tr style=\"background-color: #f9f9f9;\">\n          <td style=\"padding: 12px;\">\ud83e\uddfe Costo de Certificaci\u00f3n<\/td>\n          <td style=\"padding: 12px;\">Cursos: S\/ 20.00<br>Diplomados: S\/ 60.00<\/td>\n        <\/tr>\n        <tr style=\"background-color: #fff;\">\n          <td style=\"padding: 12px;\">\ud83d\udccd Direcci\u00f3n<\/td>\n          <td style=\"padding: 12px;\">Jr. La Madrile\u00f1a N\u00b0 384, San Luis \u2013 Lima<\/td>\n        <\/tr>\n        <tr style=\"background-color: #f9f9f9;\">\n          <td style=\"padding: 12px;\">\ud83d\udce7 Correos de Contacto<\/td>\n          <td style=\"padding: 12px;\">\n            capacitacion@acee-group.com<br>\n            asesoriaycapacitaciongroup@gmail.com\n          <\/td>\n        <\/tr>\n        <tr style=\"background-color: #fff;\">\n          <td style=\"padding: 12px;\">\ud83d\udcc5 Vigencia<\/td>\n          <td style=\"padding: 12px;\">Del 11 de agosto de 2025 al 31 de diciembre de 2027<\/td>\n        <\/tr>\n      <\/tbody>\n    <\/table>\n  <\/div>\n\n  <div style=\"margin-top: 30px; text-align: center;\">\n    <a href=\"mailto:capacitacion@acee-group.com\" style=\"background-color: #a80000; color: #fff; padding: 12px 20px; border-radius: 8px; text-decoration: none; margin-right: 10px; font-weight: bold;\">\ud83d\udce9 Contactar por Correo<\/a>\n\n    <a href=\"https:\/\/wa.me\/51999999999\" target=\"_blank\" style=\"background-color: #25d366; color: white; padding: 12px 20px; border-radius: 8px; text-decoration: none; font-weight: bold;\" rel=\"noopener\">\ud83d\udcac WhatsApp ACEE Group<\/a>\n  <\/div>\n<\/div>\n\n ","protected":false},"excerpt":{"rendered":"<p>Convenio con ACEE GROUP Capacitaci\u00f3n y especializaci\u00f3n profesional para colegiados CIP CD Tacna El Colegio de Ingenieros del Per\u00fa &#8211; Consejo Departamental Tacna ha firmado un convenio con ACEE GROUP, empresa especializada en capacitaci\u00f3n ejecutiva y programas formativos, para brindar acceso preferencial a cursos, seminarios, diplomados y certificaciones para nuestros<span class=\"more-link\"><a href=\"https:\/\/www.ciptacna.org.pe\/web\/index.php\/acee-group\/\">Continuar leyendo<\/a><\/span><\/p>\n","protected":false},"author":5,"featured_media":0,"parent":0,"menu_order":0,"comment_status":"closed","ping_status":"closed","template":"","meta":[],"_links":{"self":[{"href":"https:\/\/www.ciptacna.org.pe\/web\/index.php\/wp-json\/wp\/v2\/pages\/16163"}],"collection":[{"href":"https:\/\/www.ciptacna.org.pe\/web\/index.php\/wp-json\/wp\/v2\/pages"}],"about":[{"href":"https:\/\/www.ciptacna.org.pe\/web\/index.php\/wp-json\/wp\/v2\/types\/page"}],"author":[{"embeddable":true,"href":"https:\/\/www.ciptacna.org.pe\/web\/index.php\/wp-json\/wp\/v2\/users\/5"}],"replies":[{"embeddable":true,"href":"https:\/\/www.ciptacna.org.pe\/web\/index.php\/wp-json\/wp\/v2\/comments?post=16163"}],"version-history":[{"count":2,"href":"https:\/\/www.ciptacna.org.pe\/web\/index.php\/wp-json\/wp\/v2\/pages\/16163\/revisions"}],"predecessor-version":[{"id":16169,"href":"https:\/\/www.ciptacna.org.pe\/web\/index.php\/wp-json\/wp\/v2\/pages\/16163\/revisions\/16169"}],"wp:attachment":[{"href":"https:\/\/www.ciptacna.org.pe\/web\/index.php\/wp-json\/wp\/v2\/media?parent=16163"}],"curies":[{"name":"wp","href":"https:\/\/api.w.org\/{rel}","templated":true}]}}