{"id":16333,"date":"2025-09-23T13:04:29","date_gmt":"2025-09-23T18:04:29","guid":{"rendered":"https:\/\/www.ciptacna.org.pe\/web\/?page_id=16333"},"modified":"2025-09-23T13:06:16","modified_gmt":"2025-09-23T18:06:16","slug":"e-lean-studio-eirl","status":"publish","type":"page","link":"https:\/\/www.ciptacna.org.pe\/web\/index.php\/e-lean-studio-eirl\/","title":{"rendered":"E-LEAN STUDIO EIRL"},"content":{"rendered":"\n<!-- Convenio con E-LEAN STUDIO EIRL (formato CIP Tacna) -->\n<div style=\"max-width: 750px; margin: auto; padding: 30px; font-family: 'Segoe UI', sans-serif; background: #ffffff; border-radius: 16px; box-shadow: 0 8px 20px rgba(0, 0, 0, 0.08); border: 1px solid #ddd;\">\n  <div style=\"text-align: center; margin-bottom: 25px;\">\n    <img src=\"https:\/\/www.ciptacna.org.pe\/web\/wp-content\/uploads\/2025\/CONVENIOS\/ELEAN.jpeg\" alt=\"E-LEAN STUDIO EIRL\" style=\"max-height: 110px; margin-bottom: 15px;\">\n    <h2 style=\"color: #a80000; margin: 0;\">Convenio con E-LEAN STUDIO EIRL<\/h2>\n    <p style=\"font-size: 15px; color: #555; margin-top: 8px;\">Convenio de Servicios y Beneficios para Colegiados CIP CD Tacna<\/p>\n  <\/div>\n\n  <p style=\"color: #333; font-size: 16px; text-align: justify; line-height: 1.7; margin-bottom: 25px;\">\n    <strong>E-LEAN STUDIO EIRL<\/strong> brinda formaci\u00f3n acad\u00e9mica en <strong>Cursos, Seminarios, Programas de Especializaci\u00f3n y Diplomados<\/strong>,\n    ofreciendo a los colegiados del <strong>Colegio de Ingenieros del Per\u00fa &#8211; Consejo Departamental Tacna<\/strong> becas y beneficios especiales para el desarrollo profesional.\n  <\/p>\n\n  <div style=\"margin-top: 30px;\">\n    <table style=\"width: 100%; border-collapse: collapse; font-size: 16px;\">\n      <thead>\n        <tr style=\"background-color: #54C6E3; color: #fff;\">\n          <th style=\"padding: 12px; text-align: left;\">\ud83d\udccc Concepto<\/th>\n          <th style=\"padding: 12px; text-align: left;\">\ud83d\udd0e Detalle<\/th>\n        <\/tr>\n      <\/thead>\n      <tbody>\n        <tr style=\"background-color: #f9f9f9;\">\n          <td style=\"padding: 12px;\">\ud83e\udd1d Tipo de Convenio<\/td>\n          <td style=\"padding: 12px;\">Cursos, Seminarios, Programas de Especializaci\u00f3n y Diplomados<\/td>\n        <\/tr>\n        <tr style=\"background-color: #fff;\">\n          <td style=\"padding: 12px;\">\ud83d\udc64 Representantes<\/td>\n          <td style=\"padding: 12px;\"><strong>Arq. Nilton Antunez Montufar<\/strong> (Titular Gerente)<\/td>\n        <\/tr>\n        <tr style=\"background-color: #f9f9f9;\">\n          <td style=\"padding: 12px;\">\ud83c\udf81 Beneficios<\/td>\n          <td style=\"padding: 12px;\">\n            &#8211; 03 Becas completas<br>\n            &#8211; 05 Semibecas<br>\n            &#8211; Certificaci\u00f3n: S\/ 20.00<br>\n            &#8211; Diplomado: S\/ 60.00\n          <\/td>\n        <\/tr>\n        <tr style=\"background-color: #fff;\">\n          <td style=\"padding: 12px;\">\ud83d\udccd Direcci\u00f3n<\/td>\n          <td style=\"padding: 12px;\">Jr. Tacna 332 Julio, Puno<\/td>\n        <\/tr>\n        <tr style=\"background-color: #f9f9f9;\">\n          <td style=\"padding: 12px;\">\ud83d\udce7 Contacto<\/td>\n          <td style=\"padding: 12px;\">\n            \ud83d\udcde 957 955 643<br>\n            <a href=\"mailto:elean.studio@gmail.com\" style=\"color: #a80000;\">elean.studio@gmail.com<\/a><br>\n            <a href=\"mailto:informes@e-leanstudio.com\" style=\"color: #a80000;\">informes@e-leanstudio.com<\/a>\n          <\/td>\n        <\/tr>\n        <tr style=\"background-color: #fff;\">\n          <td style=\"padding: 12px;\">\ud83d\udcc5 Vigencia<\/td>\n          <td style=\"padding: 12px;\">\n            Del 15 de setiembre de 2025 al 31 de diciembre de 2027\n          <\/td>\n        <\/tr>\n      <\/tbody>\n    <\/table>\n  <\/div>\n\n  <div style=\"margin-top: 30px; text-align: center;\">\n    <a href=\"mailto:elean.studio@gmail.com\" style=\"background-color: #a80000; color: #fff; padding: 12px 20px; border-radius: 8px; text-decoration: none; margin-right: 10px; font-weight: bold;\">\ud83d\udce9 Contactar por Correo<\/a>\n\n    <a href=\"https:\/\/wa.me\/51957955643\" target=\"_blank\" style=\"background-color: #25d366; color: white; padding: 12px 20px; border-radius: 8px; text-decoration: none; font-weight: bold;\" rel=\"noopener\">\ud83d\udcac WhatsApp 957 955 643<\/a>\n  <\/div>\n<\/div>\n\n\n\n\n<p><\/p>\n ","protected":false},"excerpt":{"rendered":"<p>Convenio con E-LEAN STUDIO EIRL Convenio de Servicios y Beneficios para Colegiados CIP CD Tacna E-LEAN STUDIO EIRL brinda formaci\u00f3n acad\u00e9mica en Cursos, Seminarios, Programas de Especializaci\u00f3n y Diplomados, ofreciendo a los colegiados del Colegio de Ingenieros del Per\u00fa &#8211; Consejo Departamental Tacna becas y beneficios especiales para el desarrollo<span class=\"more-link\"><a href=\"https:\/\/www.ciptacna.org.pe\/web\/index.php\/e-lean-studio-eirl\/\">Continuar leyendo<\/a><\/span><\/p>\n","protected":false},"author":5,"featured_media":0,"parent":0,"menu_order":0,"comment_status":"closed","ping_status":"closed","template":"","meta":[],"_links":{"self":[{"href":"https:\/\/www.ciptacna.org.pe\/web\/index.php\/wp-json\/wp\/v2\/pages\/16333"}],"collection":[{"href":"https:\/\/www.ciptacna.org.pe\/web\/index.php\/wp-json\/wp\/v2\/pages"}],"about":[{"href":"https:\/\/www.ciptacna.org.pe\/web\/index.php\/wp-json\/wp\/v2\/types\/page"}],"author":[{"embeddable":true,"href":"https:\/\/www.ciptacna.org.pe\/web\/index.php\/wp-json\/wp\/v2\/users\/5"}],"replies":[{"embeddable":true,"href":"https:\/\/www.ciptacna.org.pe\/web\/index.php\/wp-json\/wp\/v2\/comments?post=16333"}],"version-history":[{"count":2,"href":"https:\/\/www.ciptacna.org.pe\/web\/index.php\/wp-json\/wp\/v2\/pages\/16333\/revisions"}],"predecessor-version":[{"id":16336,"href":"https:\/\/www.ciptacna.org.pe\/web\/index.php\/wp-json\/wp\/v2\/pages\/16333\/revisions\/16336"}],"wp:attachment":[{"href":"https:\/\/www.ciptacna.org.pe\/web\/index.php\/wp-json\/wp\/v2\/media?parent=16333"}],"curies":[{"name":"wp","href":"https:\/\/api.w.org\/{rel}","templated":true}]}}