{"id":1758,"date":"2020-05-18T07:06:50","date_gmt":"2020-05-18T12:06:50","guid":{"rendered":"http:\/\/www.ciptacna.org.pe\/web\/?page_id=1758"},"modified":"2025-03-18T12:02:06","modified_gmt":"2025-03-18T17:02:06","slug":"directorio-cip-cd-tacna","status":"publish","type":"page","link":"https:\/\/www.ciptacna.org.pe\/web\/index.php\/directorio-cip-cd-tacna\/","title":{"rendered":"DIRECTORIO CIP CD &#8211; TACNA"},"content":{"rendered":"\n<figure class=\"wp-block-table is-style-stripes\"><table><tbody><tr><td><strong>\u00c1REA CIP CD TACNA<\/strong><\/td><td><strong>N\u00b0 ANEXO \/ TEL\u00c9FONO<\/strong><\/td><td><strong>CORREO INSTITUCIONAL<\/strong><\/td><\/tr><tr><td>ADMINISTRACI\u00d3N<\/td><td><\/td><td>administracion@ciptacna.org.pe<\/td><\/tr><tr><td>MESA DE PARTES<\/td><td>(052)&nbsp; 411577 <\/td><td><a href=\"mailto:mesadepartes@ciptacna.org.pe\">mesadepartes@ciptacna.org.pe<\/a><\/td><\/tr><tr><td>SECRETARIA<\/td><td>972271967<\/td><td>secretaria@ciptacna.org.pe<\/td><\/tr><tr><td>TESORER\u00cdA<\/td><td>969320988<\/td><td>tesoreria@ciptacna.org.pe<\/td><\/tr><tr><td>IMAGEN INSTITUCIONAL<\/td><td>974386443<\/td><td>imagen@ciptacna.org.pe<\/td><\/tr><tr><td>INFORM\u00c1TICA<\/td><td>993357934<\/td><td>informatica@ciptacna.org.pe<\/td><\/tr><tr><td>COLEGIATURAS<\/td><td>969320988<\/td><td><a href=\"mailto:colegiatura@ciptacna.org.pe\">colegiatura@ciptacna.org.pe<\/a><\/td><\/tr><\/tbody><\/table><\/figure>\n\n\n\n<h2><strong>HORARIO DE ATENCI\u00d3N<\/strong><\/h2>\n\n\n\n<p><strong>Lunes a Viernes:<\/strong><br>Turno Ma\u00f1ana :   9:00 am &#8211; 1:00 pm<br>Turno Tarde     :   4:00 pm &#8211; 8:00 pm<\/p>\n\n\n\n<p><strong>S\u00e1bados:<\/strong><br>9:00 am &#8211; 12:00 m<\/p>\n ","protected":false},"excerpt":{"rendered":"<p>\u00c1REA CIP CD TACNA N\u00b0 ANEXO \/ TEL\u00c9FONO CORREO INSTITUCIONAL ADMINISTRACI\u00d3N administracion@ciptacna.org.pe MESA DE PARTES (052)&nbsp; 411577 mesadepartes@ciptacna.org.pe SECRETARIA 972271967 secretaria@ciptacna.org.pe TESORER\u00cdA 969320988 tesoreria@ciptacna.org.pe IMAGEN INSTITUCIONAL 974386443 imagen@ciptacna.org.pe INFORM\u00c1TICA 993357934 informatica@ciptacna.org.pe COLEGIATURAS 969320988 colegiatura@ciptacna.org.pe HORARIO DE ATENCI\u00d3N Lunes a Viernes:Turno Ma\u00f1ana : 9:00 am &#8211; 1:00 pmTurno Tarde : 4:00<span class=\"more-link\"><a href=\"https:\/\/www.ciptacna.org.pe\/web\/index.php\/directorio-cip-cd-tacna\/\">Continuar leyendo<\/a><\/span><\/p>\n","protected":false},"author":1,"featured_media":0,"parent":0,"menu_order":0,"comment_status":"closed","ping_status":"closed","template":"","meta":[],"_links":{"self":[{"href":"https:\/\/www.ciptacna.org.pe\/web\/index.php\/wp-json\/wp\/v2\/pages\/1758"}],"collection":[{"href":"https:\/\/www.ciptacna.org.pe\/web\/index.php\/wp-json\/wp\/v2\/pages"}],"about":[{"href":"https:\/\/www.ciptacna.org.pe\/web\/index.php\/wp-json\/wp\/v2\/types\/page"}],"author":[{"embeddable":true,"href":"https:\/\/www.ciptacna.org.pe\/web\/index.php\/wp-json\/wp\/v2\/users\/1"}],"replies":[{"embeddable":true,"href":"https:\/\/www.ciptacna.org.pe\/web\/index.php\/wp-json\/wp\/v2\/comments?post=1758"}],"version-history":[{"count":12,"href":"https:\/\/www.ciptacna.org.pe\/web\/index.php\/wp-json\/wp\/v2\/pages\/1758\/revisions"}],"predecessor-version":[{"id":14964,"href":"https:\/\/www.ciptacna.org.pe\/web\/index.php\/wp-json\/wp\/v2\/pages\/1758\/revisions\/14964"}],"wp:attachment":[{"href":"https:\/\/www.ciptacna.org.pe\/web\/index.php\/wp-json\/wp\/v2\/media?parent=1758"}],"curies":[{"name":"wp","href":"https:\/\/api.w.org\/{rel}","templated":true}]}}