{"id":1804,"date":"2020-05-18T07:46:47","date_gmt":"2020-05-18T12:46:47","guid":{"rendered":"http:\/\/www.ciptacna.org.pe\/web\/?page_id=1804"},"modified":"2020-05-18T07:46:48","modified_gmt":"2020-05-18T12:46:48","slug":"requisitos-para-obtener-certificado-de-obras-publicas","status":"publish","type":"page","link":"https:\/\/www.ciptacna.org.pe\/web\/index.php\/requisitos-para-obtener-certificado-de-obras-publicas\/","title":{"rendered":"REQUISITOS PARA OBTENER CERTIFICADO DE OBRAS PUBLICAS"},"content":{"rendered":"\n<h2 class=\"has-text-align-center\"><strong>REQUISITOS PARA OBTENER CERTIFICADO DE OBRAS PUBLICAS<\/strong><\/h2>\n\n\n\n<ul><li>Encontrarse al d\u00eda en sus cotizaciones.<\/li><li>Haber sufragado en las \u00faltimas elecciones.<\/li><li>No estar inhabilitado por el Tribunal Departamental de \u00c9tica.<\/li><li>Presentar copia fotost\u00e1tica de la Buena Pro de la Licitaci\u00f3n P\u00fablica, Concurso de Precios P\u00fablicos y Adjudicaci\u00f3n Directa indicando el nombre del proyecto, propietario, costo de la obra y ubicaci\u00f3n de la misma (departamento, provincia, distrito y direcci\u00f3n)<\/li><li>Realizar el pago correspondiente en el \u00c1rea de Tesorer\u00eda seg\u00fan el monto total de la obra y de acuerdo a la siguiente escala:<\/li><li>Hasta 200,000 &#8211; pago de: S\/. 25.00<\/li><li>Desde 200,001 hasta 500,000 &#8211; pago de: S\/. 50.00<\/li><li>Desde 500,001 hasta 1&#8217;000,000 &#8211; pago de: S\/. 100.00<\/li><li>Desde 1&#8217;000,001 hasta 5&#8217;000,000.00 &#8211; pago de: S\/. 150.00<\/li><li>Desde 5&#8217;000,001 a m\u00e1s &#8211; pago de: S\/. 250.00.<\/li><\/ul>\n\n\n\n<p><strong>TR\u00c1MITE PERSONAL<\/strong><\/p>\n\n\n\n<ul><li>Los ingenieros se acreditar\u00e1n con su Carnet o Documento de Identidad.<\/li><\/ul>\n\n\n\n<p><strong>TR\u00c1MITE MEDIANTE TERCEROS<\/strong><\/p>\n\n\n\n<ul><li>El Ingeniero acreditar\u00e1 mediante una carta simple original, presentando a la persona que va a realizar el tr\u00e1mite (firmado y sellado, indicando nombres, D.N.I., y el n\u00famero de certificados a tramitar), o tambi\u00e9n puede enviar al correo electr\u00f3nico secretaria@ciptacna.org.pe \u00f3 tesoreria@ciptacna.org.pe, desde su correo inscrito en nuestra base de datos.<\/li><li>La persona autorizada deber\u00e1 presentar copia simple de su documento de identidad.<\/li><li>Si el ingeniero pertenece a otro Consejo Departamental, deber\u00e1 adjuntar el \u00faltimo recibo de pago de sus cotizaciones, copia del carnet o DNI y la Constancia de haber sufragado en las \u00faltimas elecciones (si viene una tercera persona adjuntar\u00e1 a su vez la autorizaci\u00f3n del ingeniero debidamente firmado y sellado).<\/li><\/ul>\n\n\n\n<div class=\"wp-block-image\"><figure class=\"aligncenter size-large\"><img loading=\"lazy\" width=\"472\" height=\"668\" src=\"http:\/\/www.ciptacna.org.pe\/web\/wp-content\/uploads\/2020\/05\/CERTI002.jpg\" alt=\"\" class=\"wp-image-1805\" srcset=\"https:\/\/www.ciptacna.org.pe\/web\/wp-content\/uploads\/2020\/05\/CERTI002.jpg 472w, https:\/\/www.ciptacna.org.pe\/web\/wp-content\/uploads\/2020\/05\/CERTI002-212x300.jpg 212w, https:\/\/www.ciptacna.org.pe\/web\/wp-content\/uploads\/2020\/05\/CERTI002-389x550.jpg 389w, https:\/\/www.ciptacna.org.pe\/web\/wp-content\/uploads\/2020\/05\/CERTI002-353x500.jpg 353w\" sizes=\"(max-width: 472px) 100vw, 472px\" \/><\/figure><\/div>\n ","protected":false},"excerpt":{"rendered":"<p>REQUISITOS PARA OBTENER CERTIFICADO DE OBRAS PUBLICAS Encontrarse al d\u00eda en sus cotizaciones. Haber sufragado en las \u00faltimas elecciones. No estar inhabilitado por el Tribunal Departamental de \u00c9tica. Presentar copia fotost\u00e1tica de la Buena Pro de la Licitaci\u00f3n P\u00fablica, Concurso de Precios P\u00fablicos y Adjudicaci\u00f3n Directa indicando el nombre del<span class=\"more-link\"><a href=\"https:\/\/www.ciptacna.org.pe\/web\/index.php\/requisitos-para-obtener-certificado-de-obras-publicas\/\">Continuar leyendo<\/a><\/span><\/p>\n","protected":false},"author":1,"featured_media":0,"parent":0,"menu_order":0,"comment_status":"closed","ping_status":"closed","template":"","meta":[],"_links":{"self":[{"href":"https:\/\/www.ciptacna.org.pe\/web\/index.php\/wp-json\/wp\/v2\/pages\/1804"}],"collection":[{"href":"https:\/\/www.ciptacna.org.pe\/web\/index.php\/wp-json\/wp\/v2\/pages"}],"about":[{"href":"https:\/\/www.ciptacna.org.pe\/web\/index.php\/wp-json\/wp\/v2\/types\/page"}],"author":[{"embeddable":true,"href":"https:\/\/www.ciptacna.org.pe\/web\/index.php\/wp-json\/wp\/v2\/users\/1"}],"replies":[{"embeddable":true,"href":"https:\/\/www.ciptacna.org.pe\/web\/index.php\/wp-json\/wp\/v2\/comments?post=1804"}],"version-history":[{"count":1,"href":"https:\/\/www.ciptacna.org.pe\/web\/index.php\/wp-json\/wp\/v2\/pages\/1804\/revisions"}],"predecessor-version":[{"id":1806,"href":"https:\/\/www.ciptacna.org.pe\/web\/index.php\/wp-json\/wp\/v2\/pages\/1804\/revisions\/1806"}],"wp:attachment":[{"href":"https:\/\/www.ciptacna.org.pe\/web\/index.php\/wp-json\/wp\/v2\/media?parent=1804"}],"curies":[{"name":"wp","href":"https:\/\/api.w.org\/{rel}","templated":true}]}}