{"id":1807,"date":"2020-05-18T07:48:03","date_gmt":"2020-05-18T12:48:03","guid":{"rendered":"http:\/\/www.ciptacna.org.pe\/web\/?page_id=1807"},"modified":"2020-05-18T07:48:04","modified_gmt":"2020-05-18T12:48:04","slug":"duplicado-de-carnet","status":"publish","type":"page","link":"https:\/\/www.ciptacna.org.pe\/web\/index.php\/duplicado-de-carnet\/","title":{"rendered":"Duplicado de Carnet"},"content":{"rendered":"\n<h2 class=\"has-text-align-center\">Duplicado de Carnet<\/h2>\n\n\n\n<p>Pago en \u00c1rea de Tesorer\u00eda del CIP-CDT, S\/.25.00.<\/p>\n\n\n\n<p><strong>NOTA<\/strong><\/p>\n\n\n\n<p>En el caso que quiera actualizar la foto, traer 01 fotograf\u00eda tama\u00f1o pasaporte y llenar la Ficha de Datos proporcionada en nuestra oficina.<\/p>\n\n\n\n<p><strong>RECARNETIZACION<\/strong><\/p>\n\n\n\n<ul><li>Pago en \u00c1rea de Tesorer\u00eda del CIP-CDT, S\/.35.00.<\/li><\/ul>\n\n\n\n<p><strong>NOTA<\/strong><\/p>\n\n\n\n<ul><li>En el caso que quiera actualizar la foto, traer 01 fotograf\u00eda tama\u00f1o pasaporte y llenar la Ficha de Datos proporcionada en nuestra oficina.<\/li><\/ul>\n ","protected":false},"excerpt":{"rendered":"<p>Duplicado de Carnet Pago en \u00c1rea de Tesorer\u00eda del CIP-CDT, S\/.25.00. NOTA En el caso que quiera actualizar la foto, traer 01 fotograf\u00eda tama\u00f1o pasaporte y llenar la Ficha de Datos proporcionada en nuestra oficina. RECARNETIZACION Pago en \u00c1rea de Tesorer\u00eda del CIP-CDT, S\/.35.00. NOTA En el caso que quiera<span class=\"more-link\"><a href=\"https:\/\/www.ciptacna.org.pe\/web\/index.php\/duplicado-de-carnet\/\">Continuar leyendo<\/a><\/span><\/p>\n","protected":false},"author":1,"featured_media":0,"parent":0,"menu_order":0,"comment_status":"closed","ping_status":"closed","template":"","meta":[],"_links":{"self":[{"href":"https:\/\/www.ciptacna.org.pe\/web\/index.php\/wp-json\/wp\/v2\/pages\/1807"}],"collection":[{"href":"https:\/\/www.ciptacna.org.pe\/web\/index.php\/wp-json\/wp\/v2\/pages"}],"about":[{"href":"https:\/\/www.ciptacna.org.pe\/web\/index.php\/wp-json\/wp\/v2\/types\/page"}],"author":[{"embeddable":true,"href":"https:\/\/www.ciptacna.org.pe\/web\/index.php\/wp-json\/wp\/v2\/users\/1"}],"replies":[{"embeddable":true,"href":"https:\/\/www.ciptacna.org.pe\/web\/index.php\/wp-json\/wp\/v2\/comments?post=1807"}],"version-history":[{"count":1,"href":"https:\/\/www.ciptacna.org.pe\/web\/index.php\/wp-json\/wp\/v2\/pages\/1807\/revisions"}],"predecessor-version":[{"id":1808,"href":"https:\/\/www.ciptacna.org.pe\/web\/index.php\/wp-json\/wp\/v2\/pages\/1807\/revisions\/1808"}],"wp:attachment":[{"href":"https:\/\/www.ciptacna.org.pe\/web\/index.php\/wp-json\/wp\/v2\/media?parent=1807"}],"curies":[{"name":"wp","href":"https:\/\/api.w.org\/{rel}","templated":true}]}}