{"id":1820,"date":"2020-05-18T08:12:00","date_gmt":"2020-05-18T13:12:00","guid":{"rendered":"http:\/\/www.ciptacna.org.pe\/web\/?page_id=1820"},"modified":"2025-03-31T17:08:48","modified_gmt":"2025-03-31T22:08:48","slug":"instituto-de-servicio-social","status":"publish","type":"page","link":"https:\/\/www.ciptacna.org.pe\/web\/index.php\/instituto-de-servicio-social\/","title":{"rendered":"INSTITUTO DE SERVICIO SOCIAL"},"content":{"rendered":"\n<h2 class=\"has-text-align-center\"><strong>INSTITUTO DE SERVICIO SOCIAL<\/strong> (ISS)<\/h2>\n\n\n\n<h2><strong>\u00bfQu\u00e9 es ISS?<\/strong><\/h2>\n\n\n\n<p>El Instituto de Servicios Sociales, cuya denominaci\u00f3n abreviada es ISS-CIP, en un \u00f3rgano del Colegio de Ingenieros del Per\u00fa encargado de brindar servicios para el mayor bienestar de sus colegiados habilitados y sus familiares directos. Dentro de los servicios que puede brindar se indican los siguientes: Mutual, previsi\u00f3n, seguridad social, vivienda, recreaci\u00f3n, y otros servicios similares.<\/p>\n\n\n\n<h2>\u00bf<strong>Qui\u00e9nes integran el ISS-CIP<\/strong>?<\/h2>\n\n\n\n<p>Integran el ISS-CIP todos los ingenieros colegiados y habilitados del Colegio de Ingenieros del Per\u00fa. Es importante que usted colega tenga conocimiento que la subsistencia organizacional y econ\u00f3mica del ISS-CIP, as\u00ed como el cumplimiento de sus objetivos, se sustenta en los S\/. 2.50 nuevos soles que los ingenieros habilitados aportan dentro del pago de su cuota social mensual a su Consejo Departamental correspondiente. Cabe indicar que los ingenieros VITALICIOS no est\u00e1n exonerados de aportar este monto.<br><br>Es requisito indispensable que el ingeniero debe estar al d\u00eda con sus aportes al ISS-CIP para tener el derecho de acceder a los servicios que brinda el ISS-CIP. El m\u00e1ximo plazo permisible de deuda es de tres meses (Art, 3.02 del Estatuto del CIP). Los ingenieros que tengan una deuda mayor a tres meses (tres meses un d\u00eda) no tendr\u00e1n derecho a los servicios que brinda el ISS-CIP.<\/p>\n\n\n\n<h2><strong>Servicios que actualmente brinda el ISS-CIP a los ingenieros habilitados<\/strong><\/h2>\n\n\n\n<p>Asignaci\u00f3n por fallecimiento e invalidez (Nuevos montos a partir del 01 de Enero del 2011)<\/p>\n\n\n\n<ul><li>Asignaci\u00f3n por Fallecimiento de Titular &nbsp;&nbsp;&nbsp;&nbsp;&nbsp;&nbsp;&nbsp;&nbsp;&nbsp;&nbsp;&nbsp;&nbsp;&nbsp;&nbsp;&nbsp;&nbsp;&nbsp;&nbsp;&nbsp;&nbsp;&nbsp;&nbsp;&nbsp;&nbsp;&nbsp;&nbsp;&nbsp;&nbsp; S\/. 5,000.00<\/li><li>Asignaci\u00f3n por Fallecimiento de C\u00f3nyuge&nbsp;&nbsp;&nbsp;&nbsp;&nbsp;&nbsp;&nbsp;&nbsp;&nbsp;&nbsp;&nbsp;&nbsp;&nbsp;&nbsp;&nbsp;&nbsp;&nbsp;&nbsp;&nbsp;&nbsp;&nbsp;&nbsp;&nbsp;&nbsp;&nbsp; S\/. 1,600.00<\/li><li>Asignaci\u00f3n por Fallecimiento de Hijos Menores (18 a\u00f1os)&nbsp;&nbsp; S\/. 700.00<\/li><li>Asignaci\u00f3n por Invalidez Permanente de Titular&nbsp;&nbsp;&nbsp;&nbsp;&nbsp;&nbsp;&nbsp;&nbsp;&nbsp;&nbsp;&nbsp;&nbsp;&nbsp;&nbsp;&nbsp;&nbsp;&nbsp; S\/. 2,400.00<\/li><li>Asignaci\u00f3n por apoyo solidario del titular &nbsp;&nbsp;&nbsp;&nbsp;&nbsp;&nbsp;&nbsp;&nbsp;&nbsp;&nbsp;&nbsp;&nbsp;&nbsp;&nbsp;&nbsp;&nbsp;&nbsp;&nbsp;&nbsp;&nbsp;&nbsp;&nbsp;&nbsp;&nbsp;&nbsp;&nbsp; S\/. 1,500.00<\/li><\/ul>\n\n\n\n<div class=\"contenedor_enlace_DJ_Solicitud_de_apoyo_solidario_de_titular\">\n<a class=\"boton_personalizado\" href=\"http:\/\/www.ciptacna.org.pe\/web\/wp-content\/uploads\/2024\/11\/Declaracion-Jurada-de-Solicitud-de-Asignacion-por-Apoyo-Solidario-de-Titular4.docx\" download=\"Declaracion Jurada de Solicitud de Asignaci\u00f3n por Apoyo Solidario de Titular\">Haz clic aqu\u00ed para descargar la Declaraci\u00f3n Jurada de Solicitud de Asignaci\u00f3n por Apoyo Solidario de Titular<\/a>\n<\/div>\n<style type=\"text\/css\">\n\n.contenedor_enlace_DJ_Solicitud_de_apoyo_solidario_de_titular{\n  text-align: center;\ndisplay:flex;\n}\n  .boton_personalizado{\nwidth:100%;\nmargin:auto;\n    text-decoration: none;\n    padding: 5px;\n    font-weight: 600;\n    font-size: 15px;\n    color: #ffffff;\n    background-color: #dd3333;\n    border-radius: 6px;\n border: 1px solid #dd3333;\n  }\n  .boton_personalizado:hover{\n-webkit-box-shadow: 2px 2px 5px #999;\n  -moz-box-shadow: 2px 2px 5px #999;\n    color: #ffffff;\n    background-color: #dd3333;\n border: 1px solid #dd3333;\n  text-align: center;\n  }\n<\/style>\n\n\n\n<\/br>\n<div class=\"contenedor_enlace_DJ_Solicitud_de_solicitud_de_asignacion_familiar_por_fallecimiento_de_conyuge\">\n<a class=\"boton_personalizado\" href=\"http:\/\/www.ciptacna.org.pe\/web\/wp-content\/uploads\/2024\/11\/v2-solicitud-asignacion-por-fallecimiento-de-conyuge-segun-reg-jun-2023.docx\" download=\"Declaraci\u00f3n Jurada de Solicitud de Asignaci\u00f3n por Fallecimiento de C\u00f3nyuge\">Haz clic aqu\u00ed para descargar la Declaraci\u00f3n Jurada de Solicitud de Asignaci\u00f3n por Fallecimiento de C\u00f3nyuge<\/a>\n<\/div>\n<style type=\"text\/css\">\n\n.contenedor_enlace_DJ_Solicitud_de_solicitud_de_asignacion_familiar_por_fallecimiento_de_conyuge{\n  text-align: center;\ndisplay:flex;\n}\n  .boton_personalizado{\nmargin:auto;\n    text-decoration: none;\n    padding: 5px;\n    font-weight: 600;\n    font-size: 15px;\n    color: #ffffff;\n    background-color: #dd3333;\n    border-radius: 6px;\n border: 1px solid #dd3333;\n  }\n  .boton_personalizado:hover{\n-webkit-box-shadow: 2px 2px 5px #999;\n  -moz-box-shadow: 2px 2px 5px #999;\n    color: #ffffff;\n    background-color: #dd3333;\n border: 1px solid #dd3333;\n  text-align: center;\n  }\n<\/style>\n\n\n\n<\/br>\n<div class=\"contenedor_enlace_DJ_Solicitud_de_asignacion_por_fallecimiento_de_titular\">\n<a class=\"boton_personalizado\" href=\"http:\/\/www.ciptacna.org.pe\/web\/wp-content\/uploads\/2024\/11\/v2-solicitud-asignacion-por-fallecimiento-de-titular-segun-reg-jun-2023.docx\" download=\"Declaraci\u00f3n Jurada de Solicitud de Asignaci\u00f3n por Fallecimiento de Titular\">Haz clic aqu\u00ed para descargar la Declaraci\u00f3n Jurada de Solicitud de Asignaci\u00f3n por Fallecimiento de Titular<\/a>\n<\/div>\n<style type=\"text\/css\">\n\n.contenedor_enlace_DJ_Solicitud_de_asignacion_por_fallecimiento_de_titular{\n  text-align: center;\ndisplay:flex;\n}\n  .boton_personalizado{\nmargin:auto;\n    text-decoration: none;\n    padding: 5px;\n    font-weight: 600;\n    font-size: 15px;\n    color: #ffffff;\n    background-color: #dd3333;\n    border-radius: 6px;\n border: 1px solid #dd3333;\n  }\n  .boton_personalizado:hover{\n-webkit-box-shadow: 2px 2px 5px #999;\n  -moz-box-shadow: 2px 2px 5px #999;\n    color: #ffffff;\n    background-color: #dd3333;\n border: 1px solid #dd3333;\n  text-align: center;\n  }\n<\/style>\n\n\n\n<\/br>\n<div class=\"contenedor_enlace_DJ_Solicitud_de_asignacion_por_fallecimiento_de_hijos_menores_de_18_a\u00f1os\">\n<a class=\"boton_personalizado\" href=\"http:\/\/www.ciptacna.org.pe\/web\/wp-content\/uploads\/2024\/11\/v2-solicitud-asignacion-por-fallec-hijo-menor-de-18-anos-segun-reg-jun-2023.docx\" download=\"Declaraci\u00f3n Jurada de Solicitud de Asignaci\u00f3n por Fallecimiento de hijos menores de 18 a\u00f1os\">Haz clic aqu\u00ed para descargar la Declaraci\u00f3n Jurada de Solicitud de Asignaci\u00f3n por Fallecimiento de hijos menores de 18 a\u00f1os<\/a>\n<\/div>\n<style type=\"text\/css\">\n\n.contenedor_enlace_DJ_Solicitud_de_asignacion_por_fallecimiento_de_hijos_menores_de_18_a\u00f1os{\n  text-align: center;\ndisplay:flex;\n}\n  .boton_personalizado{\nmargin:auto;\n    text-decoration: none;\n    padding: 5px;\n    font-weight: 600;\n    font-size: 15px;\n    color: #ffffff;\n    background-color: #dd3333;\n    border-radius: 6px;\n border: 1px solid #dd3333;\n  }\n  .boton_personalizado:hover{\n-webkit-box-shadow: 2px 2px 5px #999;\n  -moz-box-shadow: 2px 2px 5px #999;\n    color: #ffffff;\n    background-color: #dd3333;\n border: 1px solid #dd3333;\n  text-align: center;\n  }\n<\/style>\n\n\n\n<\/br>\n<div class=\"contenedor_enlace_DJ_Solicitud_de_asignacion_pro_invalidaicion_permanente_del_titular\">\n<a class=\"boton_personalizado\" href=\"http:\/\/www.ciptacna.org.pe\/web\/wp-content\/uploads\/2024\/01\/SOLICITUD-ASIGNACION-POR-INCAPACIDAD-PERMANENTE-TITULAR-SEGUN-REG.-JUN-2023.docx\" download=\"Declaraci\u00f3n Jurada de Solicitud de Asignaci\u00f3n por Invalidez Permanente del Titular\">Haz clic aqu\u00ed para descargar la Declaraci\u00f3n Jurada de Solicitud de Asignaci\u00f3n por Invalidez Permanente del Titular<\/a>\n<\/div>\n<style type=\"text\/css\">\n\n.contenedor_enlace_DJ_Solicitud_de_asignacion_pro_invalidaicion_permanente_del_titular{\n  text-align: center;\ndisplay:flex;\n}\n  .boton_personalizado{\nmargin:auto;\n    text-decoration: none;\n    padding: 5px;\n    font-weight: 600;\n    font-size: 15px;\n    color: #ffffff;\n    background-color: #dd3333;\n    border-radius: 6px;\n border: 1px solid #dd3333;\n  }\n  .boton_personalizado:hover{\n-webkit-box-shadow: 2px 2px 5px #999;\n  -moz-box-shadow: 2px 2px 5px #999;\n    color: #ffffff;\n    background-color: #dd3333;\n border: 1px solid #dd3333;\n  text-align: center;\n  }\n<\/style>\n\n\n\n<p>El tr\u00e1mite por Asignaci\u00f3n por fallecimiento e invalidez se debe realizar a trav\u00e9s del Consejo Departamental de Tacna o donde se encuentra inscrito el ingeniero.<br><br>Es muy importante que usted ingeniero redacte su Carta Declaratoria de Beneficiarios para la Asignaci\u00f3n por fallecimiento del Titular; para lo cual podr\u00e1 recabar el Formato correspondiente en el Consejo Departamental al que corresponde o podr\u00e1 imprimirla desde esta p\u00e1gina web, llenarla, legalizarla notarialmente y entregarla en la sede de su Consejo Departamental.<strong><\/strong><\/p>\n\n\n\n<div class=\"contenedor_enlace_instructivo\">\n<a class=\"boton_personalizado_instructivo\" href=\"http:\/\/www.ciptacna.org.pe\/web\/wp-content\/uploads\/2020\/10\/INSTRUCTIVO-PARA-LA-ACTUALIZACI\u00d3N-O-CREACI\u00d3N-DE-LA-CARTA-DECLARATORIA-ISS-V-1.0.pdf\" download=\"Instructivo para la actualizaci\u00f3n o creaci\u00f3n de la carta declaratoria - ISS\">Haz clic aqu\u00ed para descargar el Instructivo para la actualizaci\u00f3n o creaci\u00f3n de la Carta Declaratoria &#8211; ISS <\/a>\n<\/div>\n<style type=\"text\/css\">\n\n.contenedor_enlace_instructivo{\n  text-align: center;\ndisplay:flex;\n}\n  .boton_personalizado_instructivo{\nwidth:100%;\nmargin:auto;\n    text-decoration: none;\n    padding: 5px;\n    font-weight: 600;\n    font-size: 15px;\n    color: #ffffff;\n    background-color: #ff9800;\n    border-radius: 6px;\n border: 1px solid #ff9800;\n  }\n  .boton_personalizado_instructivo:hover{\n-webkit-box-shadow: 2px 2px 5px #999;\n  -moz-box-shadow: 2px 2px 5px #999;\n    color: #ffffff;\n    background-color: #ff9800;\n border: 1px solid #ff9800;\n  text-align: center;\n  }\n<\/style>\n\n\n\n<\/br>\n<div class=\"contenedor_enlace_DJ_Solicitud_de_solicitud_de_asignacion_familiar_por_fallecimiento_de_conyuge\">\n<a class=\"boton_personalizado\" href=\"https:\/\/www.cip.org.pe\/publicaciones\/reglamentosCNCD2018\/nuevo-reglamento-iss-cncd-junio-2023.pdf\" download=\"Declaraci\u00f3n Jurada de Solicitud de Asignaci\u00f3n por Fallecimiento de C\u00f3nyuge\">REGLAMENTO DEL INSTITUTO DE SERVICIOS SOCIALES (ISS)<\/a>\n<\/div>\n<style type=\"text\/css\">\n\n.contenedor_enlace_DJ_Solicitud_de_solicitud_de_asignacion_familiar_por_fallecimiento_de_conyuge{\n  text-align: center;\ndisplay:flex;\n}\n  .boton_personalizado{\nmargin:auto;\n    text-decoration: none;\n    padding: 5px;\n    font-weight: 600;\n    font-size: 15px;\n    color: #ffffff;\n    background-color: #dd3333;\n    border-radius: 6px;\n border: 1px solid #dd3333;\n  }\n  .boton_personalizado:hover{\n-webkit-box-shadow: 2px 2px 5px #999;\n  -moz-box-shadow: 2px 2px 5px #999;\n    color: #ffffff;\n    background-color: #dd3333;\n border: 1px solid #dd3333;\n  text-align: center;\n  }\n<\/style>\n ","protected":false},"excerpt":{"rendered":"<p>INSTITUTO DE SERVICIO SOCIAL (ISS) \u00bfQu\u00e9 es ISS? El Instituto de Servicios Sociales, cuya denominaci\u00f3n abreviada es ISS-CIP, en un \u00f3rgano del Colegio de Ingenieros del Per\u00fa encargado de brindar servicios para el mayor bienestar de sus colegiados habilitados y sus familiares directos. Dentro de los servicios que puede brindar<span class=\"more-link\"><a href=\"https:\/\/www.ciptacna.org.pe\/web\/index.php\/instituto-de-servicio-social\/\">Continuar leyendo<\/a><\/span><\/p>\n","protected":false},"author":1,"featured_media":0,"parent":0,"menu_order":0,"comment_status":"closed","ping_status":"closed","template":"","meta":[],"_links":{"self":[{"href":"https:\/\/www.ciptacna.org.pe\/web\/index.php\/wp-json\/wp\/v2\/pages\/1820"}],"collection":[{"href":"https:\/\/www.ciptacna.org.pe\/web\/index.php\/wp-json\/wp\/v2\/pages"}],"about":[{"href":"https:\/\/www.ciptacna.org.pe\/web\/index.php\/wp-json\/wp\/v2\/types\/page"}],"author":[{"embeddable":true,"href":"https:\/\/www.ciptacna.org.pe\/web\/index.php\/wp-json\/wp\/v2\/users\/1"}],"replies":[{"embeddable":true,"href":"https:\/\/www.ciptacna.org.pe\/web\/index.php\/wp-json\/wp\/v2\/comments?post=1820"}],"version-history":[{"count":22,"href":"https:\/\/www.ciptacna.org.pe\/web\/index.php\/wp-json\/wp\/v2\/pages\/1820\/revisions"}],"predecessor-version":[{"id":15152,"href":"https:\/\/www.ciptacna.org.pe\/web\/index.php\/wp-json\/wp\/v2\/pages\/1820\/revisions\/15152"}],"wp:attachment":[{"href":"https:\/\/www.ciptacna.org.pe\/web\/index.php\/wp-json\/wp\/v2\/media?parent=1820"}],"curies":[{"name":"wp","href":"https:\/\/api.w.org\/{rel}","templated":true}]}}