{"id":2642,"date":"2020-09-22T12:57:38","date_gmt":"2020-09-22T17:57:38","guid":{"rendered":"http:\/\/www.ciptacna.org.pe\/web\/?page_id=2642"},"modified":"2020-09-24T14:40:00","modified_gmt":"2020-09-24T19:40:00","slug":"directiva-para-la-presentacion-de-denuncias-descargos-escritos-y-documentos-virtuales-notificaciones-virtuales-y-realizacion-de-audiencias-virtuales-en-los-procedimientos-disciplinarios-a-cargo-de","status":"publish","type":"page","link":"https:\/\/www.ciptacna.org.pe\/web\/index.php\/directiva-para-la-presentacion-de-denuncias-descargos-escritos-y-documentos-virtuales-notificaciones-virtuales-y-realizacion-de-audiencias-virtuales-en-los-procedimientos-disciplinarios-a-cargo-de\/","title":{"rendered":"DIRECTIVA PARA LA PRESENTACI\u00d3N DE DENUNCIAS, DESCARGOS, ESCRITOS Y DOCUMENTOS VIRTUALES; NOTIFICACIONES VIRTUALES Y REALIZACI\u00d3N DE AUDIENCIAS VIRTUALES EN LOS PROCEDIMIENTOS DISCIPLINARIOS A CARGO DE LOS ORGANISMOS DEONTOL\u00d3GICOS DEL COLEGIO DE INGENIEROS DEL PER\u00da"},"content":{"rendered":"\n<div id=\"contenedor_enlace_directivas_para_presentacion_de_denuncias\">\n<a class=\"boton_personalizado\" href=\"http:\/\/www.ciptacna.org.pe\/web\/wp-content\/uploads\/2020\/09\/Directiva-CN-para-la-presentaci\u00f3n-de-denuncias-vf-con-anexos.pdf\" download=\"Directiva del consejo nacional para la presentaci\u00f3n de denuncias(con anexos)\" >Haz clic aqu\u00ed para descargar el documento completo<\/a>\n<\/div>\n<style type=\"text\/css\">\n\n#contenedor_enlace_directivas_para_presentacion_de_denuncias{\n  text-align: center;\ndisplay:flex;\n}\n  .boton_personalizado{\nmargin:auto;\n    text-decoration: none;\n    padding: 5px;\n    font-weight: 600;\n    font-size: 15px;\n    color: #ffffff;\n    background-color: #dd3333;\n    border-radius: 6px;\n border: 1px solid #dd3333;\n  }\n  .boton_personalizado:hover{\n-webkit-box-shadow: 2px 2px 5px #999;\n  -moz-box-shadow: 2px 2px 5px #999;\n    color: #ffffff;\n    background-color: #dd3333;\n border: 1px solid #dd3333;\n  text-align: center;\n  }\n<\/style>\n\n\n\n\n\n<div class=\"wp-block-image\"><figure class=\"aligncenter size-large\"><img loading=\"lazy\" width=\"682\" height=\"884\" src=\"http:\/\/www.ciptacna.org.pe\/web\/wp-content\/uploads\/2020\/09\/Pagina-1-DPDPD.png\" alt=\"\" class=\"wp-image-2645\" srcset=\"https:\/\/www.ciptacna.org.pe\/web\/wp-content\/uploads\/2020\/09\/Pagina-1-DPDPD.png 682w, https:\/\/www.ciptacna.org.pe\/web\/wp-content\/uploads\/2020\/09\/Pagina-1-DPDPD-231x300.png 231w, https:\/\/www.ciptacna.org.pe\/web\/wp-content\/uploads\/2020\/09\/Pagina-1-DPDPD-424x550.png 424w, https:\/\/www.ciptacna.org.pe\/web\/wp-content\/uploads\/2020\/09\/Pagina-1-DPDPD-386x500.png 386w\" sizes=\"(max-width: 682px) 100vw, 682px\" \/><\/figure><\/div>\n\n\n\n<div class=\"wp-block-image\"><figure class=\"aligncenter size-large\"><img loading=\"lazy\" width=\"680\" height=\"887\" src=\"http:\/\/www.ciptacna.org.pe\/web\/wp-content\/uploads\/2020\/09\/Pagina-2-DPDPD.png\" alt=\"\" class=\"wp-image-2646\" srcset=\"https:\/\/www.ciptacna.org.pe\/web\/wp-content\/uploads\/2020\/09\/Pagina-2-DPDPD.png 680w, https:\/\/www.ciptacna.org.pe\/web\/wp-content\/uploads\/2020\/09\/Pagina-2-DPDPD-230x300.png 230w, https:\/\/www.ciptacna.org.pe\/web\/wp-content\/uploads\/2020\/09\/Pagina-2-DPDPD-422x550.png 422w, https:\/\/www.ciptacna.org.pe\/web\/wp-content\/uploads\/2020\/09\/Pagina-2-DPDPD-383x500.png 383w\" sizes=\"(max-width: 680px) 100vw, 680px\" \/><\/figure><\/div>\n\n\n\n<div class=\"wp-block-image\"><figure class=\"aligncenter size-large\"><img loading=\"lazy\" width=\"681\" height=\"885\" src=\"http:\/\/www.ciptacna.org.pe\/web\/wp-content\/uploads\/2020\/09\/Pagina-3-DPDPD.png\" alt=\"\" class=\"wp-image-2647\" srcset=\"https:\/\/www.ciptacna.org.pe\/web\/wp-content\/uploads\/2020\/09\/Pagina-3-DPDPD.png 681w, https:\/\/www.ciptacna.org.pe\/web\/wp-content\/uploads\/2020\/09\/Pagina-3-DPDPD-231x300.png 231w, https:\/\/www.ciptacna.org.pe\/web\/wp-content\/uploads\/2020\/09\/Pagina-3-DPDPD-423x550.png 423w, https:\/\/www.ciptacna.org.pe\/web\/wp-content\/uploads\/2020\/09\/Pagina-3-DPDPD-385x500.png 385w\" sizes=\"(max-width: 681px) 100vw, 681px\" \/><\/figure><\/div>\n\n\n\n<div class=\"wp-block-image\"><figure class=\"aligncenter size-large\"><img loading=\"lazy\" width=\"681\" height=\"883\" src=\"http:\/\/www.ciptacna.org.pe\/web\/wp-content\/uploads\/2020\/09\/Pagina-4-DPDPD.png\" alt=\"\" class=\"wp-image-2648\" srcset=\"https:\/\/www.ciptacna.org.pe\/web\/wp-content\/uploads\/2020\/09\/Pagina-4-DPDPD.png 681w, https:\/\/www.ciptacna.org.pe\/web\/wp-content\/uploads\/2020\/09\/Pagina-4-DPDPD-231x300.png 231w, https:\/\/www.ciptacna.org.pe\/web\/wp-content\/uploads\/2020\/09\/Pagina-4-DPDPD-424x550.png 424w, https:\/\/www.ciptacna.org.pe\/web\/wp-content\/uploads\/2020\/09\/Pagina-4-DPDPD-386x500.png 386w\" sizes=\"(max-width: 681px) 100vw, 681px\" \/><\/figure><\/div>\n\n\n\n<!--nextpage-->\n\n\n\n<div id=\"contenedor_enlace_directivas_para_presentacion_de_denuncias\">\n<a class=\"boton_personalizado\" href=\"http:\/\/www.ciptacna.org.pe\/web\/wp-content\/uploads\/2020\/09\/Directiva-CN-para-la-presentaci\u00f3n-de-denuncias-vf-con-anexos.pdf\" download=\"Directiva del consejo nacional para la presentaci\u00f3n de denuncias(con anexos)\" >Haz clic aqu\u00ed para descargar el documento completo<\/a>\n<\/div>\n<style type=\"text\/css\">\n\n#contenedor_enlace_directivas_para_presentacion_de_denuncias{\n  text-align: center;\ndisplay:flex;\n}\n  .boton_personalizado{\nmargin:auto;\n    text-decoration: none;\n    padding: 5px;\n    font-weight: 600;\n    font-size: 15px;\n    color: #ffffff;\n    background-color: #dd3333;\n    border-radius: 6px;\n border: 1px solid #dd3333;\n  }\n  .boton_personalizado:hover{\n-webkit-box-shadow: 2px 2px 5px #999;\n  -moz-box-shadow: 2px 2px 5px #999;\n    color: #ffffff;\n    background-color: #dd3333;\n border: 1px solid #dd3333;\n  text-align: center;\n  }\n<\/style>\n\n\n\n\n<div class=\"wp-block-image\"><figure class=\"aligncenter size-large\"><img loading=\"lazy\" width=\"683\" height=\"882\" src=\"http:\/\/www.ciptacna.org.pe\/web\/wp-content\/uploads\/2020\/09\/Pagina-5-DPDPD.png\" alt=\"\" class=\"wp-image-2649\" srcset=\"https:\/\/www.ciptacna.org.pe\/web\/wp-content\/uploads\/2020\/09\/Pagina-5-DPDPD.png 683w, https:\/\/www.ciptacna.org.pe\/web\/wp-content\/uploads\/2020\/09\/Pagina-5-DPDPD-232x300.png 232w, https:\/\/www.ciptacna.org.pe\/web\/wp-content\/uploads\/2020\/09\/Pagina-5-DPDPD-426x550.png 426w, https:\/\/www.ciptacna.org.pe\/web\/wp-content\/uploads\/2020\/09\/Pagina-5-DPDPD-387x500.png 387w\" sizes=\"(max-width: 683px) 100vw, 683px\" \/><\/figure><\/div>\n\n\n\n<div class=\"wp-block-image\"><figure class=\"aligncenter size-large\"><img loading=\"lazy\" width=\"682\" height=\"882\" src=\"http:\/\/www.ciptacna.org.pe\/web\/wp-content\/uploads\/2020\/09\/Pagina-6-DPDPD.png\" alt=\"\" class=\"wp-image-2650\" srcset=\"https:\/\/www.ciptacna.org.pe\/web\/wp-content\/uploads\/2020\/09\/Pagina-6-DPDPD.png 682w, https:\/\/www.ciptacna.org.pe\/web\/wp-content\/uploads\/2020\/09\/Pagina-6-DPDPD-232x300.png 232w, https:\/\/www.ciptacna.org.pe\/web\/wp-content\/uploads\/2020\/09\/Pagina-6-DPDPD-425x550.png 425w, https:\/\/www.ciptacna.org.pe\/web\/wp-content\/uploads\/2020\/09\/Pagina-6-DPDPD-387x500.png 387w\" sizes=\"(max-width: 682px) 100vw, 682px\" \/><\/figure><\/div>\n\n\n\n<div class=\"wp-block-image\"><figure class=\"aligncenter size-large\"><img loading=\"lazy\" width=\"681\" height=\"881\" src=\"http:\/\/www.ciptacna.org.pe\/web\/wp-content\/uploads\/2020\/09\/Pagina-7-DPDPD.png\" alt=\"\" class=\"wp-image-2651\" srcset=\"https:\/\/www.ciptacna.org.pe\/web\/wp-content\/uploads\/2020\/09\/Pagina-7-DPDPD.png 681w, https:\/\/www.ciptacna.org.pe\/web\/wp-content\/uploads\/2020\/09\/Pagina-7-DPDPD-232x300.png 232w, https:\/\/www.ciptacna.org.pe\/web\/wp-content\/uploads\/2020\/09\/Pagina-7-DPDPD-425x550.png 425w, https:\/\/www.ciptacna.org.pe\/web\/wp-content\/uploads\/2020\/09\/Pagina-7-DPDPD-386x500.png 386w\" sizes=\"(max-width: 681px) 100vw, 681px\" \/><\/figure><\/div>\n\n\n\n<div class=\"wp-block-image\"><figure class=\"aligncenter size-large\"><img loading=\"lazy\" width=\"680\" height=\"883\" src=\"http:\/\/www.ciptacna.org.pe\/web\/wp-content\/uploads\/2020\/09\/Pagina-8-DPDPD.png\" alt=\"\" class=\"wp-image-2652\" srcset=\"https:\/\/www.ciptacna.org.pe\/web\/wp-content\/uploads\/2020\/09\/Pagina-8-DPDPD.png 680w, https:\/\/www.ciptacna.org.pe\/web\/wp-content\/uploads\/2020\/09\/Pagina-8-DPDPD-231x300.png 231w, https:\/\/www.ciptacna.org.pe\/web\/wp-content\/uploads\/2020\/09\/Pagina-8-DPDPD-424x550.png 424w, https:\/\/www.ciptacna.org.pe\/web\/wp-content\/uploads\/2020\/09\/Pagina-8-DPDPD-385x500.png 385w\" sizes=\"(max-width: 680px) 100vw, 680px\" \/><\/figure><\/div>\n\n\n\n<!--nextpage-->\n\n\n\n<div id=\"contenedor_enlace_directivas_para_presentacion_de_denuncias\">\n<a class=\"boton_personalizado\" href=\"http:\/\/www.ciptacna.org.pe\/web\/wp-content\/uploads\/2020\/09\/Directiva-CN-para-la-presentaci\u00f3n-de-denuncias-vf-con-anexos.pdf\" download=\"Directiva del consejo nacional para la presentaci\u00f3n de denuncias(con anexos)\" >Haz clic aqu\u00ed para descargar el documento completo<\/a>\n<\/div>\n<style type=\"text\/css\">\n\n#contenedor_enlace_directivas_para_presentacion_de_denuncias{\n  text-align: center;\ndisplay:flex;\n}\n  .boton_personalizado{\nmargin:auto;\n    text-decoration: none;\n    padding: 5px;\n    font-weight: 600;\n    font-size: 15px;\n    color: #ffffff;\n    background-color: #dd3333;\n    border-radius: 6px;\n border: 1px solid #dd3333;\n  }\n  .boton_personalizado:hover{\n-webkit-box-shadow: 2px 2px 5px #999;\n  -moz-box-shadow: 2px 2px 5px #999;\n    color: #ffffff;\n    background-color: #dd3333;\n border: 1px solid #dd3333;\n  text-align: center;\n  }\n<\/style>\n\n\n\n\n\n<div class=\"wp-block-image\"><figure class=\"aligncenter size-large\"><img loading=\"lazy\" width=\"681\" height=\"885\" src=\"http:\/\/www.ciptacna.org.pe\/web\/wp-content\/uploads\/2020\/09\/Pagina-9-DPDPD.png\" alt=\"\" class=\"wp-image-2653\" srcset=\"https:\/\/www.ciptacna.org.pe\/web\/wp-content\/uploads\/2020\/09\/Pagina-9-DPDPD.png 681w, https:\/\/www.ciptacna.org.pe\/web\/wp-content\/uploads\/2020\/09\/Pagina-9-DPDPD-231x300.png 231w, https:\/\/www.ciptacna.org.pe\/web\/wp-content\/uploads\/2020\/09\/Pagina-9-DPDPD-423x550.png 423w, https:\/\/www.ciptacna.org.pe\/web\/wp-content\/uploads\/2020\/09\/Pagina-9-DPDPD-385x500.png 385w\" sizes=\"(max-width: 681px) 100vw, 681px\" \/><\/figure><\/div>\n\n\n\n<div class=\"wp-block-image\"><figure class=\"aligncenter size-large\"><img loading=\"lazy\" width=\"680\" height=\"882\" src=\"http:\/\/www.ciptacna.org.pe\/web\/wp-content\/uploads\/2020\/09\/Pagina-10-DPDPD.png\" alt=\"\" class=\"wp-image-2654\" srcset=\"https:\/\/www.ciptacna.org.pe\/web\/wp-content\/uploads\/2020\/09\/Pagina-10-DPDPD.png 680w, https:\/\/www.ciptacna.org.pe\/web\/wp-content\/uploads\/2020\/09\/Pagina-10-DPDPD-231x300.png 231w, https:\/\/www.ciptacna.org.pe\/web\/wp-content\/uploads\/2020\/09\/Pagina-10-DPDPD-424x550.png 424w, https:\/\/www.ciptacna.org.pe\/web\/wp-content\/uploads\/2020\/09\/Pagina-10-DPDPD-385x500.png 385w\" sizes=\"(max-width: 680px) 100vw, 680px\" \/><\/figure><\/div>\n\n\n\n<div class=\"wp-block-image\"><figure class=\"aligncenter size-large\"><img loading=\"lazy\" width=\"681\" height=\"881\" src=\"http:\/\/www.ciptacna.org.pe\/web\/wp-content\/uploads\/2020\/09\/Pagina-11-DPDPD.png\" alt=\"\" class=\"wp-image-2655\" srcset=\"https:\/\/www.ciptacna.org.pe\/web\/wp-content\/uploads\/2020\/09\/Pagina-11-DPDPD.png 681w, https:\/\/www.ciptacna.org.pe\/web\/wp-content\/uploads\/2020\/09\/Pagina-11-DPDPD-232x300.png 232w, https:\/\/www.ciptacna.org.pe\/web\/wp-content\/uploads\/2020\/09\/Pagina-11-DPDPD-425x550.png 425w, https:\/\/www.ciptacna.org.pe\/web\/wp-content\/uploads\/2020\/09\/Pagina-11-DPDPD-386x500.png 386w\" sizes=\"(max-width: 681px) 100vw, 681px\" \/><\/figure><\/div>\n\n\n\n<div class=\"wp-block-image\"><figure class=\"aligncenter size-large\"><img loading=\"lazy\" width=\"681\" height=\"883\" src=\"http:\/\/www.ciptacna.org.pe\/web\/wp-content\/uploads\/2020\/09\/Pagina-12-DPDPD.png\" alt=\"\" class=\"wp-image-2656\" srcset=\"https:\/\/www.ciptacna.org.pe\/web\/wp-content\/uploads\/2020\/09\/Pagina-12-DPDPD.png 681w, https:\/\/www.ciptacna.org.pe\/web\/wp-content\/uploads\/2020\/09\/Pagina-12-DPDPD-231x300.png 231w, https:\/\/www.ciptacna.org.pe\/web\/wp-content\/uploads\/2020\/09\/Pagina-12-DPDPD-424x550.png 424w, https:\/\/www.ciptacna.org.pe\/web\/wp-content\/uploads\/2020\/09\/Pagina-12-DPDPD-386x500.png 386w\" sizes=\"(max-width: 681px) 100vw, 681px\" \/><\/figure><\/div>\n\n\n\n<!--nextpage-->\n\n\n\n<div id=\"contenedor_enlace_directivas_para_presentacion_de_denuncias\">\n<a class=\"boton_personalizado\" href=\"http:\/\/www.ciptacna.org.pe\/web\/wp-content\/uploads\/2020\/09\/Directiva-CN-para-la-presentaci\u00f3n-de-denuncias-vf-con-anexos.pdf\" download=\"Directiva del consejo nacional para la presentaci\u00f3n de denuncias(con anexos)\" >Haz clic aqu\u00ed para descargar el documento completo<\/a>\n<\/div>\n<style type=\"text\/css\">\n\n#contenedor_enlace_directivas_para_presentacion_de_denuncias{\n  text-align: center;\ndisplay:flex;\n}\n  .boton_personalizado{\nmargin:auto;\n    text-decoration: none;\n    padding: 5px;\n    font-weight: 600;\n    font-size: 15px;\n    color: #ffffff;\n    background-color: #dd3333;\n    border-radius: 6px;\n border: 1px solid #dd3333;\n  }\n  .boton_personalizado:hover{\n-webkit-box-shadow: 2px 2px 5px #999;\n  -moz-box-shadow: 2px 2px 5px #999;\n    color: #ffffff;\n    background-color: #dd3333;\n border: 1px solid #dd3333;\n  text-align: center;\n  }\n<\/style>\n\n\n\n\n\n<div class=\"wp-block-image\"><figure class=\"aligncenter size-large\"><img loading=\"lazy\" width=\"681\" height=\"883\" src=\"http:\/\/www.ciptacna.org.pe\/web\/wp-content\/uploads\/2020\/09\/Pagina-13-DPDPD.png\" alt=\"\" class=\"wp-image-2657\" srcset=\"https:\/\/www.ciptacna.org.pe\/web\/wp-content\/uploads\/2020\/09\/Pagina-13-DPDPD.png 681w, https:\/\/www.ciptacna.org.pe\/web\/wp-content\/uploads\/2020\/09\/Pagina-13-DPDPD-231x300.png 231w, https:\/\/www.ciptacna.org.pe\/web\/wp-content\/uploads\/2020\/09\/Pagina-13-DPDPD-424x550.png 424w, https:\/\/www.ciptacna.org.pe\/web\/wp-content\/uploads\/2020\/09\/Pagina-13-DPDPD-386x500.png 386w\" sizes=\"(max-width: 681px) 100vw, 681px\" \/><\/figure><\/div>\n\n\n\n<div class=\"wp-block-image\"><figure class=\"aligncenter size-large\"><img loading=\"lazy\" width=\"683\" height=\"882\" src=\"http:\/\/www.ciptacna.org.pe\/web\/wp-content\/uploads\/2020\/09\/Pagina-14-DPDPD.png\" alt=\"\" class=\"wp-image-2658\" srcset=\"https:\/\/www.ciptacna.org.pe\/web\/wp-content\/uploads\/2020\/09\/Pagina-14-DPDPD.png 683w, https:\/\/www.ciptacna.org.pe\/web\/wp-content\/uploads\/2020\/09\/Pagina-14-DPDPD-232x300.png 232w, https:\/\/www.ciptacna.org.pe\/web\/wp-content\/uploads\/2020\/09\/Pagina-14-DPDPD-426x550.png 426w, https:\/\/www.ciptacna.org.pe\/web\/wp-content\/uploads\/2020\/09\/Pagina-14-DPDPD-387x500.png 387w\" sizes=\"(max-width: 683px) 100vw, 683px\" \/><\/figure><\/div>\n\n\n\n<div class=\"wp-block-image\"><figure class=\"aligncenter size-large\"><img loading=\"lazy\" width=\"682\" height=\"883\" src=\"http:\/\/www.ciptacna.org.pe\/web\/wp-content\/uploads\/2020\/09\/Pagina-15-DPDPD.png\" alt=\"\" class=\"wp-image-2659\" srcset=\"https:\/\/www.ciptacna.org.pe\/web\/wp-content\/uploads\/2020\/09\/Pagina-15-DPDPD.png 682w, https:\/\/www.ciptacna.org.pe\/web\/wp-content\/uploads\/2020\/09\/Pagina-15-DPDPD-232x300.png 232w, https:\/\/www.ciptacna.org.pe\/web\/wp-content\/uploads\/2020\/09\/Pagina-15-DPDPD-425x550.png 425w, https:\/\/www.ciptacna.org.pe\/web\/wp-content\/uploads\/2020\/09\/Pagina-15-DPDPD-386x500.png 386w\" sizes=\"(max-width: 682px) 100vw, 682px\" \/><\/figure><\/div>\n\n\n\n<div class=\"wp-block-image\"><figure class=\"aligncenter size-large\"><img loading=\"lazy\" width=\"682\" height=\"884\" src=\"http:\/\/www.ciptacna.org.pe\/web\/wp-content\/uploads\/2020\/09\/Pagina-16-DPDPD.png\" alt=\"\" class=\"wp-image-2660\" srcset=\"https:\/\/www.ciptacna.org.pe\/web\/wp-content\/uploads\/2020\/09\/Pagina-16-DPDPD.png 682w, https:\/\/www.ciptacna.org.pe\/web\/wp-content\/uploads\/2020\/09\/Pagina-16-DPDPD-231x300.png 231w, https:\/\/www.ciptacna.org.pe\/web\/wp-content\/uploads\/2020\/09\/Pagina-16-DPDPD-424x550.png 424w, https:\/\/www.ciptacna.org.pe\/web\/wp-content\/uploads\/2020\/09\/Pagina-16-DPDPD-386x500.png 386w\" sizes=\"(max-width: 682px) 100vw, 682px\" \/><\/figure><\/div>\n\n\n\n<!--nextpage-->\n\n\n\n<div id=\"contenedor_enlace_directivas_para_presentacion_de_denuncias\">\n<a class=\"boton_personalizado\" href=\"http:\/\/www.ciptacna.org.pe\/web\/wp-content\/uploads\/2020\/09\/Directiva-CN-para-la-presentaci\u00f3n-de-denuncias-vf-con-anexos.pdf\" download=\"Directiva del consejo nacional para la presentaci\u00f3n de denuncias(con anexos)\" >Haz clic aqu\u00ed para descargar el documento completo<\/a>\n<\/div>\n<style type=\"text\/css\">\n\n#contenedor_enlace_directivas_para_presentacion_de_denuncias{\n  text-align: center;\ndisplay:flex;\n}\n  .boton_personalizado{\nmargin:auto;\n    text-decoration: none;\n    padding: 5px;\n    font-weight: 600;\n    font-size: 15px;\n    color: #ffffff;\n    background-color: #dd3333;\n    border-radius: 6px;\n border: 1px solid #dd3333;\n  }\n  .boton_personalizado:hover{\n-webkit-box-shadow: 2px 2px 5px #999;\n  -moz-box-shadow: 2px 2px 5px #999;\n    color: #ffffff;\n    background-color: #dd3333;\n border: 1px solid #dd3333;\n  text-align: center;\n  }\n<\/style>\n\n\n\n\n<div class=\"wp-block-image\"><figure class=\"aligncenter size-large\"><img loading=\"lazy\" width=\"883\" height=\"682\" src=\"http:\/\/www.ciptacna.org.pe\/web\/wp-content\/uploads\/2020\/09\/Pagina-17-DPDPD.png\" alt=\"\" class=\"wp-image-2661\" srcset=\"https:\/\/www.ciptacna.org.pe\/web\/wp-content\/uploads\/2020\/09\/Pagina-17-DPDPD.png 883w, https:\/\/www.ciptacna.org.pe\/web\/wp-content\/uploads\/2020\/09\/Pagina-17-DPDPD-300x232.png 300w, https:\/\/www.ciptacna.org.pe\/web\/wp-content\/uploads\/2020\/09\/Pagina-17-DPDPD-768x593.png 768w, https:\/\/www.ciptacna.org.pe\/web\/wp-content\/uploads\/2020\/09\/Pagina-17-DPDPD-465x359.png 465w, https:\/\/www.ciptacna.org.pe\/web\/wp-content\/uploads\/2020\/09\/Pagina-17-DPDPD-647x500.png 647w\" sizes=\"(max-width: 883px) 100vw, 883px\" \/><\/figure><\/div>\n\n\n\n<div class=\"wp-block-image\"><figure class=\"aligncenter size-large\"><img loading=\"lazy\" width=\"883\" height=\"681\" src=\"http:\/\/www.ciptacna.org.pe\/web\/wp-content\/uploads\/2020\/09\/Pagina-18-DPDPD.png\" alt=\"\" class=\"wp-image-2662\" srcset=\"https:\/\/www.ciptacna.org.pe\/web\/wp-content\/uploads\/2020\/09\/Pagina-18-DPDPD.png 883w, https:\/\/www.ciptacna.org.pe\/web\/wp-content\/uploads\/2020\/09\/Pagina-18-DPDPD-300x231.png 300w, https:\/\/www.ciptacna.org.pe\/web\/wp-content\/uploads\/2020\/09\/Pagina-18-DPDPD-768x592.png 768w, https:\/\/www.ciptacna.org.pe\/web\/wp-content\/uploads\/2020\/09\/Pagina-18-DPDPD-465x359.png 465w, https:\/\/www.ciptacna.org.pe\/web\/wp-content\/uploads\/2020\/09\/Pagina-18-DPDPD-648x500.png 648w\" sizes=\"(max-width: 883px) 100vw, 883px\" \/><\/figure><\/div>\n ","protected":false},"excerpt":{"rendered":"<p>Haz clic aqu\u00ed para descargar el documento completo<\/p>\n","protected":false},"author":2,"featured_media":0,"parent":0,"menu_order":0,"comment_status":"closed","ping_status":"closed","template":"","meta":[],"_links":{"self":[{"href":"https:\/\/www.ciptacna.org.pe\/web\/index.php\/wp-json\/wp\/v2\/pages\/2642"}],"collection":[{"href":"https:\/\/www.ciptacna.org.pe\/web\/index.php\/wp-json\/wp\/v2\/pages"}],"about":[{"href":"https:\/\/www.ciptacna.org.pe\/web\/index.php\/wp-json\/wp\/v2\/types\/page"}],"author":[{"embeddable":true,"href":"https:\/\/www.ciptacna.org.pe\/web\/index.php\/wp-json\/wp\/v2\/users\/2"}],"replies":[{"embeddable":true,"href":"https:\/\/www.ciptacna.org.pe\/web\/index.php\/wp-json\/wp\/v2\/comments?post=2642"}],"version-history":[{"count":6,"href":"https:\/\/www.ciptacna.org.pe\/web\/index.php\/wp-json\/wp\/v2\/pages\/2642\/revisions"}],"predecessor-version":[{"id":11450,"href":"https:\/\/www.ciptacna.org.pe\/web\/index.php\/wp-json\/wp\/v2\/pages\/2642\/revisions\/11450"}],"wp:attachment":[{"href":"https:\/\/www.ciptacna.org.pe\/web\/index.php\/wp-json\/wp\/v2\/media?parent=2642"}],"curies":[{"name":"wp","href":"https:\/\/api.w.org\/{rel}","templated":true}]}}