{"id":2980,"date":"2020-10-28T11:55:21","date_gmt":"2020-10-28T16:55:21","guid":{"rendered":"http:\/\/www.ciptacna.org.pe\/web\/?page_id=2980"},"modified":"2025-05-20T17:32:29","modified_gmt":"2025-05-20T22:32:29","slug":"cursos-y-o-capacitaciones","status":"publish","type":"page","link":"https:\/\/www.ciptacna.org.pe\/web\/index.php\/cursos-y-o-capacitaciones\/","title":{"rendered":"CURSOS Y\/O CAPACITACIONES"},"content":{"rendered":"\n<div class=\"wp-block-columns\">\n<div class=\"wp-block-column\">\n<figure class=\"wp-block-image size-large\"><a href=\"http:\/\/www.ciptacna.org.pe\/web\/wp-content\/uploads\/2025\/05\/498319794_1512843446446198_2000895590820530093_n.jpg\"><img src=\"http:\/\/www.ciptacna.org.pe\/web\/wp-content\/uploads\/2025\/05\/498319794_1512843446446198_2000895590820530093_n.jpg\" alt=\"\" class=\"wp-image-5051\"><\/a><\/figure>\n<\/div>\n\n\n\n<div class=\"wp-block-column\">\n<p><img loading=\"lazy\" height=\"16\" width=\"16\" alt=\"\ud83d\udd14\" src=\"https:\/\/static.xx.fbcdn.net\/images\/emoji.php\/v9\/t30\/1\/16\/1f514.png\"> Invitaci\u00f3n a Conferencia T\u00e9cnicaSe hace extensiva la invitaci\u00f3n a la conferencia:\u00bb\ud835\udc0e\ud835\udc2b\ud835\udc22\ud835\udc1e\ud835\udc27\ud835\udc2d\ud835\udc1a\ud835\udc1c\ud835\udc22\ud835\udc28\ud835\udc27\ud835\udc1e\ud835\udc2c \ud835\udc2d\u00e9\ud835\udc1c\ud835\udc27\ud835\udc22\ud835\udc1c\ud835\udc1a\ud835\udc2c \ud835\udc32 \ud835\udc28\ud835\udc29\ud835\udc28\ud835\udc2b\ud835\udc2d\ud835\udc2e\ud835\udc27\ud835\udc22\ud835\udc1d\ud835\udc1a\ud835\udc1d\ud835\udc1e\ud835\udc2c \ud835\udc1d\ud835\udc1e \ud835\udc26\ud835\udc1e\ud835\udc23\ud835\udc28\ud835\udc2b\ud835\udc1a \ud835\udc29\ud835\udc1a\ud835\udc2b\ud835\udc1a \ud835\udc25\ud835\udc1a \ud835\udc1e\ud835\udc25\ud835\udc1a\ud835\udc1b\ud835\udc28\ud835\udc2b\ud835\udc1a\ud835\udc1c\ud835\udc22\u00f3\ud835\udc27 \ud835\udc1d\ud835\udc1e \ud835\udc04\ud835\udc2f\ud835\udc1a\ud835\udc25\ud835\udc2e\ud835\udc1a\ud835\udc1c\ud835\udc22\ud835\udc28\ud835\udc27\ud835\udc1e\ud835\udc2c \ud835\udc0f\ud835\udc2b\ud835\udc1e\ud835\udc25\ud835\udc22\ud835\udc26\ud835\udc22\ud835\udc27\ud835\udc1a\ud835\udc2b\ud835\udc1e\ud835\udc2c (\ud835\udc04\ud835\udc15\ud835\udc00\ud835\udc0f)\u00bb<img loading=\"lazy\" height=\"16\" width=\"16\" alt=\"\ud83d\udcc5\" src=\"https:\/\/static.xx.fbcdn.net\/images\/emoji.php\/v9\/t7e\/1\/16\/1f4c5.png\"> Jueves 22 de mayo de 2025<img loading=\"lazy\" height=\"16\" width=\"16\" alt=\"\ud83d\udd55\" src=\"https:\/\/static.xx.fbcdn.net\/images\/emoji.php\/v9\/t2d\/1\/16\/1f555.png\"> Hora: 6:00 p.m. a 8:00 p.m.<img loading=\"lazy\" height=\"16\" width=\"16\" alt=\"\ud83d\udccd\" src=\"https:\/\/static.xx.fbcdn.net\/images\/emoji.php\/v9\/t2d\/1\/16\/1f4cd.png\"> Auditorio CIP CD Tacna \u2013 Av. Manuel A. Odr\u00eda 1562<img loading=\"lazy\" height=\"16\" width=\"16\" alt=\"\ud83d\udc49\" src=\"https:\/\/static.xx.fbcdn.net\/images\/emoji.php\/v9\/t51\/1\/16\/1f449.png\"> Inscr\u00edbete aqu\u00ed: <a href=\"https:\/\/forms.office.com\/r\/1VtRU7tgkf?fbclid=IwZXh0bgNhZW0CMTAAYnJpZBExeUJqcGlvSUdrQ3dRbGpaQQEeWSvrySxhRWDfXncEf-8yNtMIFcFBIHEM6jRB-Z5iK8QxPCj2VNi2ug_lSAo_aem_BjDo4--MVtwZ51iAbIgi6Q\" rel=\"noreferrer noopener\" target=\"_blank\">https:\/\/forms.office.com\/r\/1VtRU7tgkf<\/a>\u00a1Te esperamos!<\/p>\n<\/div>\n<\/div>\n\n\n\n<div class=\"wp-block-columns\">\n<div class=\"wp-block-column\">\n<figure class=\"wp-block-image size-large\"><a href=\"http:\/\/www.ciptacna.org.pe\/web\/wp-content\/uploads\/2025\/05\/CURSO0.jpg\"><img src=\"http:\/\/www.ciptacna.org.pe\/web\/wp-content\/uploads\/2025\/05\/CURSO0.jpg\" alt=\"\" class=\"wp-image-5051\"><\/a><\/figure>\n<\/div>\n\n\n\n<div class=\"wp-block-column\">\n<!-- AOS para animaciones -->\n<link href=\"https:\/\/cdn.jsdelivr.net\/npm\/aos@2.3.4\/dist\/aos.css\" rel=\"stylesheet\">\n<script src=\"https:\/\/cdn.jsdelivr.net\/npm\/aos@2.3.4\/dist\/aos.js\"><\/script>\n<script>\n  document.addEventListener('DOMContentLoaded', function () {\n    AOS.init();\n  });\n<\/script>\n\n<!-- CONTENEDOR DEL CURSO -->\n<div style=\"max-width: 900px; margin: 40px auto; font-family: 'Segoe UI', sans-serif; padding: 30px; background: #f9f9f9; border-radius: 12px; box-shadow: 0 6px 20px rgba(0,0,0,0.1);\" data-aos=\"fade-up\">\n  <div style=\"text-align: center;\">\n   \n<h6 style=\"color: #2c3e50;\">\u00abOptimizaci\u00f3n de Vetas Angostas en Miner\u00eda a Cielo Abierto <br>usando Optimizador de Tajos Explotables (MSO)\u00bb<\/h6>\n  <\/div>\n\n  <div style=\"margin-top: 30px;\">\n    <p style=\"font-size: 16px; line-height: 1.6; color: #333;\">\n      El <strong>Colegio de Ingenieros del Per\u00fa &#8211; Consejo Departamental Tacna<\/strong> tiene el agrado de invitar a todos los profesionales, estudiantes y p\u00fablico interesado al curso especializado de capacitaci\u00f3n virtual totalmente <strong>gratuito<\/strong>.\n    <\/p>\n\n    <ul style=\"margin-top: 20px; padding-left: 20px; color: #444;\">\n      <li><strong>Modalidad:<\/strong> Virtual<\/li>\n      <li><strong>Ponente:<\/strong> Ing. Luis David Escriba Cuya<\/li>\n      <li><strong>Organiza:<\/strong> CIP CD Tacna<\/li>\n      <li><strong>Dirigido a:<\/strong> Ingenieros, estudiantes y profesionales del sector minero<\/li>\n    <\/ul>\n\n  <\/div>\n<\/div>\n\n<\/div>\n<\/div>\n\n\n\n<div class=\"wp-block-columns\">\n<div class=\"wp-block-column\">\n<figure class=\"wp-block-image size-large\"><a href=\"http:\/\/www.ciptacna.org.pe\/web\/wp-content\/uploads\/2025\/05\/WhatsApp-Image-2025-05-20-at-5.03.47-PM.jpeg\"><img src=\"http:\/\/www.ciptacna.org.pe\/web\/wp-content\/uploads\/2025\/05\/WhatsApp-Image-2025-05-20-at-5.03.47-PM.jpeg\" alt=\"\" class=\"wp-image-5051\"><\/a><\/figure>\n<\/div>\n\n\n\n<div class=\"wp-block-column\">\n\n\n<p>\ud83d\udce2 Estimados(as) ingenieros(as), los invitamos a participar del curso gratuito: \u00abProducci\u00f3n de Bioinsumos para una agricultura y acuicultura sustentable en tiempo del cambio clim\u00e1tico\u00bb<\/p>\n\n\n\n<p>Horario: 06 de Junio<br>Lugar: Sala de Computo CIP TACNA.<br>\ud83d\udc49 <strong>INFORMES AL:<\/strong> 970262955<\/p>\n<\/div>\n<\/div>\n\n\n\n<div class=\"wp-block-columns\">\n<div class=\"wp-block-column\">\n<figure class=\"wp-block-image size-large\"><a href=\"http:\/\/www.ciptacna.org.pe\/web\/wp-content\/uploads\/2025\/03\/WhatsApp-Image-2025-03-28-at-10.37.30.jpeg\"><img src=\"http:\/\/www.ciptacna.org.pe\/web\/wp-content\/uploads\/2025\/03\/WhatsApp-Image-2025-03-28-at-10.37.30.jpeg\" alt=\"\" class=\"wp-image-5051\"><\/a><\/figure>\n<\/div>\n\n\n\n<div class=\"wp-block-column\">\n<p>\ud83d\udce2 Estimados(as) ingenieros(as), los invitamos a participar del curso gratuito: \u00abAn\u00e1lisis de Datos Mineros con POWER BI\u00bb<\/p>\n\n\n\n<p>\ud83d\uddd3 Horario: 10 y 11 de abril de 5 a 8 p.m.<br>\ud83d\udcbb Modalida: Virtual sincr\u00f3nica y asincr\u00f3nica (clases en vivo)<br>\ud83d\udc64 Docentes: Ing. Jhon Cieza Aranda<\/p>\n\n\n\n<p>\ud83d\udc49<strong><span class=\"has-inline-color has-black-color\"> INFORMES AL: 918 147 340<\/span><\/strong><br>TEMARIO EN LA IMAGEN<\/p>\n\n\n\n<p>LINK DE INSCRIPCI\u00d3N: <a href=\"https:\/\/forms.gle\/SCp9ZwsxxpUECcdg7\" target=\"_blank\" rel=\"noreferrer noopener\">https:\/\/forms.gle\/SCp9ZwsxxpUECcdg7<\/a><\/p>\n<\/div>\n<\/div>\n\n\n\n<div class=\"wp-block-columns\">\n<div class=\"wp-block-column\">\n<figure class=\"wp-block-image size-large\"><a href=\"http:\/\/www.ciptacna.org.pe\/web\/wp-content\/uploads\/2025\/03\/480171029_1458364311894112_3138848728847735144_n.jpg\"><img src=\"http:\/\/www.ciptacna.org.pe\/web\/wp-content\/uploads\/2025\/03\/480171029_1458364311894112_3138848728847735144_n.jpg\" alt=\"\" class=\"wp-image-5051\"><\/a><\/figure>\n<\/div>\n\n\n\n<div class=\"wp-block-column\">\n<p><img loading=\"lazy\" height=\"16\" width=\"16\" alt=\"\ud83d\udce2\" src=\"https:\/\/static.xx.fbcdn.net\/images\/emoji.php\/v9\/t39\/1\/16\/1f4e2.png\"> Estimados(as) ingenieros(as), los invitamos a participar del curso gratuito: \u00abDEMARCACI\u00d3N Y ORGANIZACI\u00d3N TERRITORIAL COMO INSTRUMENTO PARA LA GESTI\u00d3N DEL TERRITORIO\u00bb<\/p>\n\n\n\n<p><img loading=\"lazy\" height=\"16\" width=\"16\" alt=\"\ud83d\uddd3\" src=\"https:\/\/static.xx.fbcdn.net\/images\/emoji.php\/v9\/t5c\/1\/16\/1f5d3.png\"> Horario: martes y jueves de 6.00 pm. a 8.30 pm. (27 de marzo, 1, 3 y 8 de abril)<br><img loading=\"lazy\" height=\"16\" width=\"16\" alt=\"\u23f0\" src=\"https:\/\/static.xx.fbcdn.net\/images\/emoji.php\/v9\/t34\/1\/16\/23f0.png\"> Duraci\u00f3n: 04 sesiones, 20 horas<br><img loading=\"lazy\" height=\"16\" width=\"16\" alt=\"\ud83d\udcbb\" src=\"https:\/\/static.xx.fbcdn.net\/images\/emoji.php\/v9\/t8c\/1\/16\/1f4bb.png\"> Modalida: Virtual sincr\u00f3nica y asincr\u00f3nica (clases en vivo)<br><img loading=\"lazy\" height=\"16\" width=\"16\" alt=\"\ud83d\udc64\" src=\"https:\/\/static.xx.fbcdn.net\/images\/emoji.php\/v9\/ta\/1\/16\/1f464.png\"> Docentes: Ing. Geog. Rogelio Aguirre Cordero (Ha sido Supervisor Nacional de Demarcaci\u00f3n Territorial en la PCM durante 15 a\u00f1os)<\/p>\n\n\n\n<p><img loading=\"lazy\" height=\"16\" width=\"16\" alt=\"\ud83d\udc49\" src=\"https:\/\/static.xx.fbcdn.net\/images\/emoji.php\/v9\/t51\/1\/16\/1f449.png\"> INFORMES AL: 918 147 340<\/p>\n\n\n\n<p>TEMARIO: <a href=\"https:\/\/docs.google.com\/document\/d\/1F2A1jgEgRqiErl49Wil7JlSyYJPEnRQAXVeeTTcaYRQ\/edit?usp=sharing&amp;fbclid=IwZXh0bgNhZW0CMTAAAR38J522F8GYKd44ImI4VOiOargtPFyCP-8GK0AxO_X4d_3JfJ2E_zOUqiM_aem_DP5KgXq6iCyH5_aJ7pqTYw\" rel=\"noreferrer noopener\" target=\"_blank\">https:\/\/docs.google.com\/&#8230;\/1F2A1jgEgRqiErl49Wil7&#8230;\/edit&#8230;<\/a><\/p>\n\n\n\n<p>LINK DE INSCRIPCI\u00d3N:<br><a href=\"https:\/\/forms.gle\/dWmMeNLri5b8XDbd7?fbclid=IwZXh0bgNhZW0CMTAAAR3BhxOI4VBEn6_L8SM6i14T6-NYvQt4e2aKOem_HX_HShMKVQ8zz9zvNnY_aem_FLTl9Z_rq_boEzy2zgKFrg\" rel=\"noreferrer noopener\" target=\"_blank\">https:\/\/forms.gle\/dWmMeNLri5b8XDbd7<\/a><\/p>\n<\/div>\n<\/div>\n\n\n\n<div class=\"wp-block-columns\">\n<div class=\"wp-block-column\">\n<figure class=\"wp-block-image size-large\"><a href=\"http:\/\/www.ciptacna.org.pe\/web\/wp-content\/uploads\/2025\/02\/476556501_1428818691515341_4647239481277670434_n.jpg\"><img src=\"http:\/\/www.ciptacna.org.pe\/web\/wp-content\/uploads\/2025\/02\/476556501_1428818691515341_4647239481277670434_n.jpg\" alt=\"\" class=\"wp-image-5051\"><\/a><\/figure>\n<\/div>\n\n\n\n<div class=\"wp-block-column\">\n<p><img loading=\"lazy\" height=\"16\" width=\"16\" alt=\"\ud83d\udce3\" src=\"https:\/\/static.xx.fbcdn.net\/images\/emoji.php\/v9\/tba\/1\/16\/1f4e3.png\"> Los invitamos a participar al curso gratuito \u00ab\u201cc\u00f3mo afrontar con \u00e9xito las auditorias de control institucional por presuntas irregularidades en el \u00e1mbito de las contrataciones del estado\u00bb<\/p>\n\n\n\n<p><img loading=\"lazy\" height=\"16\" width=\"16\" alt=\"\ud83d\uddd3\ufe0f\" src=\"https:\/\/static.xx.fbcdn.net\/images\/emoji.php\/v9\/t5c\/1\/16\/1f5d3.png\"> FECHA: 24 de febrero<\/p>\n\n\n\n<p><img loading=\"lazy\" height=\"16\" width=\"16\" alt=\"\ud83d\udccd\" src=\"https:\/\/static.xx.fbcdn.net\/images\/emoji.php\/v9\/t2d\/1\/16\/1f4cd.png\"> LUGAR: Auditorio CIP (Av. Manuel A. Odr\u00eda 1562)<\/p>\n\n\n\n<p><img loading=\"lazy\" height=\"16\" width=\"16\" alt=\"\ud83d\udd5b\" src=\"https:\/\/static.xx.fbcdn.net\/images\/emoji.php\/v9\/tda\/1\/16\/1f55b.png\"> HORA: 7:00 p.m. a 8:30 p.m.INCLUYE CERTIFICADO DIGITAL<\/p>\n\n\n\n<p><img loading=\"lazy\" height=\"16\" width=\"16\" alt=\"\ud83d\udc49\" src=\"https:\/\/static.xx.fbcdn.net\/images\/emoji.php\/v9\/t51\/1\/16\/1f449.png\">ENLACE DE INSCRIPCI\u00d3N: <\/p>\n\n\n\n<p><a rel=\"noreferrer noopener\" href=\"https:\/\/forms.gle\/vaDAY2MwTZBJVCYL9?fbclid=IwZXh0bgNhZW0CMTAAAR2-fIjLuTe7FvraprQNOh8uZS6hdFDZgV9Ibd68qu8zd5NTCsH2c-Ftlfo_aem_x4V_ZdWPYSzbSqwHT9Odaw\" target=\"_blank\">https:\/\/forms.gle\/vaDAY2MwTZBJVCYL9<\/a><\/p>\n<\/div>\n<\/div>\n\n\n\n<p><\/p>\n\n\n\n<div class=\"wp-block-columns\">\n<div class=\"wp-block-column\">\n<figure class=\"wp-block-image size-large\"><a href=\"http:\/\/www.ciptacna.org.pe\/web\/wp-content\/uploads\/2025\/02\/475769579_1421433805587163_9002892931436495732_n.jpg\"><img src=\"http:\/\/www.ciptacna.org.pe\/web\/wp-content\/uploads\/2025\/02\/475769579_1421433805587163_9002892931436495732_n.jpg\" alt=\"\" class=\"wp-image-5051\"><\/a><\/figure>\n<\/div>\n\n\n\n<div class=\"wp-block-column\">\n<p><img loading=\"lazy\" height=\"16\" width=\"16\" alt=\"\ud83d\udce2\" src=\"https:\/\/static.xx.fbcdn.net\/images\/emoji.php\/v9\/t39\/1\/16\/1f4e2.png\"> Estimados(as) ingenieros(as), los invitamos a participar del curso: \u00abC\u00c1LCULO, SELECCI\u00d3N, OPERACI\u00d3N Y MANTENIMIENTO DE BOMBAS SUMERGIBLES\u00bb<\/p>\n\n\n\n<p><img loading=\"lazy\" height=\"16\" width=\"16\" alt=\"\ud83d\uddd3\" src=\"https:\/\/static.xx.fbcdn.net\/images\/emoji.php\/v9\/t5c\/1\/16\/1f5d3.png\"> Horario: S\u00e1b. 22 y dom. 23 febrero 2025<br><img loading=\"lazy\" height=\"16\" width=\"16\" alt=\"\u23f0\" src=\"https:\/\/static.xx.fbcdn.net\/images\/emoji.php\/v9\/t34\/1\/16\/23f0.png\"> Horario: s\u00e1bados de 9 a.m. a 12 mediod\u00eda y 4 p.m. a 8 p.m. \/\/domingo de 9 a.m. a 12 mediod\u00eda<br><img loading=\"lazy\" height=\"16\" width=\"16\" alt=\"\ud83d\udcbb\" src=\"https:\/\/static.xx.fbcdn.net\/images\/emoji.php\/v9\/t8c\/1\/16\/1f4bb.png\"> Modalida: Virtual<br><img loading=\"lazy\" height=\"16\" width=\"16\" alt=\"\ud83d\udc64\" src=\"https:\/\/static.xx.fbcdn.net\/images\/emoji.php\/v9\/ta\/1\/16\/1f464.png\"> Instructor: Ing. Julio Frank Huayta Ortega<br><img loading=\"lazy\" height=\"16\" width=\"16\" alt=\"\ud83d\udc49\" src=\"https:\/\/static.xx.fbcdn.net\/images\/emoji.php\/v9\/t51\/1\/16\/1f449.png\"> INFORMES E INSCRIPCIONES AL WHATSAPP: 974 386 443<br><img loading=\"lazy\" height=\"16\" width=\"16\" alt=\"\ud83d\udc49\" src=\"https:\/\/static.xx.fbcdn.net\/images\/emoji.php\/v9\/t51\/1\/16\/1f449.png\"> PARA REALIZAR PAGOS COMUNICARSE AL: 969 320 988 (\u00e1rea tesorer\u00eda)<\/p>\n\n\n\n<p>INVERSI\u00d3N:<\/p>\n\n\n\n<p>Incluye certificado<br>P\u00fablico general: S\/ 60.00<br>Ingeniero Colegiado: S\/ 50.00<br>Estudiante Universitario y Bachiller: S\/ 40.00<\/p>\n<\/div>\n<\/div>\n\n\n\n<div class=\"wp-block-columns\">\n<div class=\"wp-block-column\">\n<figure class=\"wp-block-image size-large\"><a href=\"http:\/\/www.ciptacna.org.pe\/web\/wp-content\/uploads\/2025\/01\/WhatsApp-Image-2025-01-23-at-18.06.05.jpeg\"><img src=\"http:\/\/www.ciptacna.org.pe\/web\/wp-content\/uploads\/2025\/01\/WhatsApp-Image-2025-01-23-at-18.06.05.jpeg\" alt=\"\" class=\"wp-image-5051\"><\/a><\/figure>\n<\/div>\n\n\n\n<div class=\"wp-block-column\">\n<h5 style=\"text-align: justify;\">\n<strong>\u00abPERFORACI\u00d3N Y VOLADURA DE ROCAS &#8211; SEGURIDAD SALUD OCUPACIONAL EN MINERIA\u00bb<\/strong><\/h5>\n\ud83d\uddd3 Horario: martes y jueves de 6.00 pm. a 8.30 pm. (11, 13, 18 Y 20 de febrero)\n<br>\u23f0 Duraci\u00f3n: 04 sesiones, 20 horas\n<br>\ud83d\udcbb Modalida: Virtual sincr\u00f3nica y asincr\u00f3nica (clases en vivo)\n<br>\ud83d\udc64 Docentes: Ing. Geog. Rogelio Aguirre Cordero (Ha sido Supervisor Nacional de Demarcaci\u00f3n Territorial en la PCM durante 15 a\u00f1os)\n<br><br>\ud83d\udc49 INFORMES AL:  918 147 340<br>\n\ud83d\udc49 PARA REALIZAR PAGOS COMUNICARSE AL: 969 320 988 (\u00e1rea tesorer\u00eda)<br>\n\n<br>INVERSI\u00d3N:<br> \n\nIncluye certificado<br>\nP\u00fablico general: S\/ 130.00<br>\nIngeniero Colegiado: S\/ 120.00<br>\nEstudiante Universitario y Bachiller: S\/ 100.00<br><br>\n TEMARIO:<br>\n<a href=\"https:\/\/docs.google.com\/document\/d\/1F2A1jgEgRqiErl49Wil7JlSyYJPEnRQAXVeeTTcaYRQ\/edit?usp=sharing\">https:\/\/docs.google.com\/document\/d\/1F2A1jgEgRqiErl49Wil7JlSyYJPEnRQAXVeeTTcaYRQ\/edit?usp=sharing<\/a>\n<br>\n\n\u2705 INICIO : 11 FEBRERO 2025<br>\n<\/p>\n\n\n\n<p style=\"text-align: justify;\"><em>Publicado: 24\/01\/2025<\/em><\/p>\n<\/div>\n<\/div>\n\n\n\n<!--nextpage-->\n\n\n\n<hr class=\"wp-block-separator\"\/>\n\n\n\n<div class=\"wp-block-columns\">\n ","protected":false},"excerpt":{"rendered":"<p>Invitaci\u00f3n a Conferencia T\u00e9cnicaSe hace extensiva la invitaci\u00f3n a la conferencia:\u00bb\ud835\udc0e\ud835\udc2b\ud835\udc22\ud835\udc1e\ud835\udc27\ud835\udc2d\ud835\udc1a\ud835\udc1c\ud835\udc22\ud835\udc28\ud835\udc27\ud835\udc1e\ud835\udc2c \ud835\udc2d\u00e9\ud835\udc1c\ud835\udc27\ud835\udc22\ud835\udc1c\ud835\udc1a\ud835\udc2c \ud835\udc32 \ud835\udc28\ud835\udc29\ud835\udc28\ud835\udc2b\ud835\udc2d\ud835\udc2e\ud835\udc27\ud835\udc22\ud835\udc1d\ud835\udc1a\ud835\udc1d\ud835\udc1e\ud835\udc2c \ud835\udc1d\ud835\udc1e \ud835\udc26\ud835\udc1e\ud835\udc23\ud835\udc28\ud835\udc2b\ud835\udc1a \ud835\udc29\ud835\udc1a\ud835\udc2b\ud835\udc1a \ud835\udc25\ud835\udc1a \ud835\udc1e\ud835\udc25\ud835\udc1a\ud835\udc1b\ud835\udc28\ud835\udc2b\ud835\udc1a\ud835\udc1c\ud835\udc22\u00f3\ud835\udc27 \ud835\udc1d\ud835\udc1e \ud835\udc04\ud835\udc2f\ud835\udc1a\ud835\udc25\ud835\udc2e\ud835\udc1a\ud835\udc1c\ud835\udc22\ud835\udc28\ud835\udc27\ud835\udc1e\ud835\udc2c \ud835\udc0f\ud835\udc2b\ud835\udc1e\ud835\udc25\ud835\udc22\ud835\udc26\ud835\udc22\ud835\udc27\ud835\udc1a\ud835\udc2b\ud835\udc1e\ud835\udc2c (\ud835\udc04\ud835\udc15\ud835\udc00\ud835\udc0f)\u00bb Jueves 22 de mayo de 2025 Hora: 6:00 p.m. a 8:00 p.m. Auditorio CIP CD Tacna \u2013 Av. Manuel A. Odr\u00eda 1562 Inscr\u00edbete aqu\u00ed: https:\/\/forms.office.com\/r\/1VtRU7tgkf\u00a1Te esperamos! \u00abOptimizaci\u00f3n<span class=\"more-link\"><a href=\"https:\/\/www.ciptacna.org.pe\/web\/index.php\/cursos-y-o-capacitaciones\/\">Continuar leyendo<\/a><\/span><\/p>\n","protected":false},"author":2,"featured_media":0,"parent":0,"menu_order":0,"comment_status":"closed","ping_status":"closed","template":"","meta":[],"_links":{"self":[{"href":"https:\/\/www.ciptacna.org.pe\/web\/index.php\/wp-json\/wp\/v2\/pages\/2980"}],"collection":[{"href":"https:\/\/www.ciptacna.org.pe\/web\/index.php\/wp-json\/wp\/v2\/pages"}],"about":[{"href":"https:\/\/www.ciptacna.org.pe\/web\/index.php\/wp-json\/wp\/v2\/types\/page"}],"author":[{"embeddable":true,"href":"https:\/\/www.ciptacna.org.pe\/web\/index.php\/wp-json\/wp\/v2\/users\/2"}],"replies":[{"embeddable":true,"href":"https:\/\/www.ciptacna.org.pe\/web\/index.php\/wp-json\/wp\/v2\/comments?post=2980"}],"version-history":[{"count":375,"href":"https:\/\/www.ciptacna.org.pe\/web\/index.php\/wp-json\/wp\/v2\/pages\/2980\/revisions"}],"predecessor-version":[{"id":15398,"href":"https:\/\/www.ciptacna.org.pe\/web\/index.php\/wp-json\/wp\/v2\/pages\/2980\/revisions\/15398"}],"wp:attachment":[{"href":"https:\/\/www.ciptacna.org.pe\/web\/index.php\/wp-json\/wp\/v2\/media?parent=2980"}],"curies":[{"name":"wp","href":"https:\/\/api.w.org\/{rel}","templated":true}]}}