{"id":3373,"date":"2020-12-14T16:37:45","date_gmt":"2020-12-14T21:37:45","guid":{"rendered":"http:\/\/www.ciptacna.org.pe\/web\/?page_id=3373"},"modified":"2020-12-14T17:01:56","modified_gmt":"2020-12-14T22:01:56","slug":"conclusiones-de-eventos","status":"publish","type":"page","link":"https:\/\/www.ciptacna.org.pe\/web\/index.php\/conclusiones-de-eventos\/","title":{"rendered":"CONCLUSIONES DE EVENTOS"},"content":{"rendered":"\n<div class=\"wp-block-columns\">\n<div class=\"wp-block-column\">\n<div align=\"center\">\n<a href=\"http:\/\/www.ciptacna.org.pe\/web\/index.php\/conclusiones-y-recomendaciones-del-forum-nueva-matriz-energetica-para-el-desarrollo-de-la-macro-region-sur-del-peru\/\">\n<img loading=\"lazy\" style=\"-webkit-box-shadow: 2px 2px 5px #999;\n  -moz-box-shadow: 2px 2px 5px #999;\nborder-radius: 5px; \" src=\"http:\/\/www.ciptacna.org.pe\/web\/wp-content\/uploads\/2020\/09\/Afiche-Foro-4-septiembre-2020.jpeg\" alt=\"Resumen Matriz\" width=\"191\" height=\"227\"> <\/a>\n<\/div>\n<\/div>\n\n\n\n<div class=\"wp-block-column\">\n<p style=\"text-align: justify;\"><strong><a href=\"http:\/\/www.ciptacna.org.pe\/web\/index.php\/conclusiones-y-recomendaciones-del-forum-nueva-matriz-energetica-para-el-desarrollo-de-la-macro-region-sur-del-peru\/\" id=\"titulo_resumen_matriz\">CONCLUSIONES Y RECOMENDACIONES DEL F\u00d3RUM: \u00abNUEVA MATRIZ ENERG\u00c9TICA PARA EL DESARROLLO DE LA MACRO REGI\u00d3N SUR DEL PER\u00da\u00bb<\/a><\/strong><\/p>\n<style>\n#titulo_resumen_matriz{\ncolor:#2e2c2b;\ntext-decoration:none;\n}\n<\/style>\n\n\n\n<a class=\"boton_ver_video\" href=\"http:\/\/www.ciptacna.org.pe\/web\/index.php\/conclusiones-y-recomendaciones-del-forum-nueva-matriz-energetica-para-el-desarrollo-de-la-macro-region-sur-del-peru\/\">Ver m\u00e1s<\/a>\n<style type=\"text\/css\">\n\n.boton_ver_video{\n  text-align: center;\ndisplay:flex;\n}\n  .boton_ver_video{\nwidth:max-content;\nmargin:initial;\n    text-decoration: none;\n    padding: 5px;\n    font-weight: 600;\n    font-size: 15px;\n    color: #ffffff;\n    background-color: #ff9800;\n    border-radius: 6px;\n border: 1px solid #ff9800;\n  }\n  .boton_ver_video:hover{\n-webkit-box-shadow: 2px 2px 5px #999;\n  -moz-box-shadow: 2px 2px 5px #999;\n    color: #ffffff;\n    background-color: #ff9800;\n border: 1px solid #ff9800;\n  text-align: center;\n  }\n<\/style>\n\n\n\n<p style=\"text-align: justify;\"><em>Publicado: 29\/09\/2020<\/em><\/p>\n<\/div>\n<\/div>\n\n\n\n<div class=\"wp-block-columns\">\n<div class=\"wp-block-column\">\n<div align=\"center\">\n<a href=\"http:\/\/www.ciptacna.org.pe\/web\/index.php\/conclusiones-y-recomendaciones-del-i-foro-panel-internacional-repensando-la-produccion-de-olivicultura-en-tiempos-de-covid-19\/\">\n<img loading=\"lazy\" style=\"-webkit-box-shadow: 2px 2px 5px #999;\n  -moz-box-shadow: 2px 2px 5px #999;\nborder-radius: 5px; \" src=\"http:\/\/www.ciptacna.org.pe\/web\/wp-content\/uploads\/2020\/11\/050620-CIP-Foro-Panel-Olivicultura.jpg\" alt=\"Resumen Olivicultura\" width=\"191\" height=\"227\">\n<\/a>\n<\/div>\n<\/div>\n\n\n\n<div class=\"wp-block-column\">\n<p style=\"text-align: justify;\"><strong><a href=\"http:\/\/www.ciptacna.org.pe\/web\/index.php\/conclusiones-y-recomendaciones-del-i-foro-panel-internacional-repensando-la-produccion-de-olivicultura-en-tiempos-de-covid-19\/\" id=\"titulo_olivicultura\">CONCLUSIONES Y RECOMENDACIONES DEL I FORO PANEL INTERNACIONAL: \u00abREPENSANDO LA PRODUCCI\u00d3N DE OLIVICULTURA EN TIEMPOS DE COVID 19\u00bb<\/a><\/strong><\/p>\n<style>\n#titulo_olivicultura{\ncolor:#2e2c2b;\ntext-decoration:none;\n}\n<\/style>\n\n\n\n<a class=\"boton_ver_video\" href=\"http:\/\/www.ciptacna.org.pe\/web\/index.php\/conclusiones-y-recomendaciones-del-i-foro-panel-internacional-repensando-la-produccion-de-olivicultura-en-tiempos-de-covid-19\/\">Ver m\u00e1s<\/a>\n<style type=\"text\/css\">\n\n.boton_ver_video{\n  text-align: center;\ndisplay:flex;\n}\n  .boton_ver_video{\nwidth:max-content;\nmargin:initial;\n    text-decoration: none;\n    padding: 5px;\n    font-weight: 600;\n    font-size: 15px;\n    color: #ffffff;\n    background-color: #ff9800;\n    border-radius: 6px;\n border: 1px solid #ff9800;\n  }\n  .boton_ver_video:hover{\n-webkit-box-shadow: 2px 2px 5px #999;\n  -moz-box-shadow: 2px 2px 5px #999;\n    color: #ffffff;\n    background-color: #ff9800;\n border: 1px solid #ff9800;\n  text-align: center;\n  }\n<\/style>\n\n\n\n<p style=\"text-align: justify;\"><em>Publicado: 05\/10\/2020<\/em><\/p>\n<\/div>\n<\/div>\n ","protected":false},"excerpt":{"rendered":"<p>CONCLUSIONES Y RECOMENDACIONES DEL F\u00d3RUM: \u00abNUEVA MATRIZ ENERG\u00c9TICA PARA EL DESARROLLO DE LA MACRO REGI\u00d3N SUR DEL PER\u00da\u00bb Ver m\u00e1s Publicado: 29\/09\/2020 CONCLUSIONES Y RECOMENDACIONES DEL I FORO PANEL INTERNACIONAL: \u00abREPENSANDO LA PRODUCCI\u00d3N DE OLIVICULTURA EN TIEMPOS DE COVID 19\u00bb Ver m\u00e1s Publicado: 05\/10\/2020<\/p>\n","protected":false},"author":5,"featured_media":0,"parent":0,"menu_order":0,"comment_status":"closed","ping_status":"closed","template":"","meta":[],"_links":{"self":[{"href":"https:\/\/www.ciptacna.org.pe\/web\/index.php\/wp-json\/wp\/v2\/pages\/3373"}],"collection":[{"href":"https:\/\/www.ciptacna.org.pe\/web\/index.php\/wp-json\/wp\/v2\/pages"}],"about":[{"href":"https:\/\/www.ciptacna.org.pe\/web\/index.php\/wp-json\/wp\/v2\/types\/page"}],"author":[{"embeddable":true,"href":"https:\/\/www.ciptacna.org.pe\/web\/index.php\/wp-json\/wp\/v2\/users\/5"}],"replies":[{"embeddable":true,"href":"https:\/\/www.ciptacna.org.pe\/web\/index.php\/wp-json\/wp\/v2\/comments?post=3373"}],"version-history":[{"count":2,"href":"https:\/\/www.ciptacna.org.pe\/web\/index.php\/wp-json\/wp\/v2\/pages\/3373\/revisions"}],"predecessor-version":[{"id":3376,"href":"https:\/\/www.ciptacna.org.pe\/web\/index.php\/wp-json\/wp\/v2\/pages\/3373\/revisions\/3376"}],"wp:attachment":[{"href":"https:\/\/www.ciptacna.org.pe\/web\/index.php\/wp-json\/wp\/v2\/media?parent=3373"}],"curies":[{"name":"wp","href":"https:\/\/api.w.org\/{rel}","templated":true}]}}