{"id":3951,"date":"2021-02-01T14:36:46","date_gmt":"2021-02-01T19:36:46","guid":{"rendered":"http:\/\/www.ciptacna.org.pe\/web\/?page_id=3951"},"modified":"2024-11-21T16:43:46","modified_gmt":"2024-11-21T21:43:46","slug":"historia","status":"publish","type":"page","link":"https:\/\/www.ciptacna.org.pe\/web\/index.php\/historia\/","title":{"rendered":"Historia"},"content":{"rendered":"\n<div class=\"wp-block-columns\">\n<div class=\"wp-block-column\">\n<figure class=\"wp-block-image size-large is-style-default\"><img loading=\"lazy\" width=\"639\" height=\"1024\" src=\"http:\/\/www.ciptacna.org.pe\/web\/wp-content\/uploads\/2022\/08\/Frontis_CIP-639x1024.jpg\" alt=\"\" class=\"wp-image-10031\" srcset=\"https:\/\/www.ciptacna.org.pe\/web\/wp-content\/uploads\/2022\/08\/Frontis_CIP-639x1024.jpg 639w, https:\/\/www.ciptacna.org.pe\/web\/wp-content\/uploads\/2022\/08\/Frontis_CIP-187x300.jpg 187w, https:\/\/www.ciptacna.org.pe\/web\/wp-content\/uploads\/2022\/08\/Frontis_CIP-768x1230.jpg 768w, https:\/\/www.ciptacna.org.pe\/web\/wp-content\/uploads\/2022\/08\/Frontis_CIP-959x1536.jpg 959w, https:\/\/www.ciptacna.org.pe\/web\/wp-content\/uploads\/2022\/08\/Frontis_CIP-1279x2048.jpg 1279w, https:\/\/www.ciptacna.org.pe\/web\/wp-content\/uploads\/2022\/08\/Frontis_CIP-343x550.jpg 343w, https:\/\/www.ciptacna.org.pe\/web\/wp-content\/uploads\/2022\/08\/Frontis_CIP-312x500.jpg 312w, https:\/\/www.ciptacna.org.pe\/web\/wp-content\/uploads\/2022\/08\/Frontis_CIP-scaled.jpg 1599w\" sizes=\"(max-width: 639px) 100vw, 639px\" \/><\/figure>\n<\/div>\n\n\n\n<div class=\"wp-block-column\">\n<p class=\"has-text-align-left\"><em>El Colegio de Ingenieros del Per\u00fa naci\u00f3 de un planteamiento propuesto en la Primera Conferencia Nacional de Ingenier\u00eda realizada en 1932 por la Sociedad de Ingenieros del Per\u00fa. Aunque dicha propuesta no prosper\u00f3, 30 a\u00f1os despu\u00e9s se cristaliz\u00f3 ante la necesidad de colegiaci\u00f3n de los ingenieros.<\/em><\/p>\n\n\n\n<p><em>El apoyo tenaz del ingeniero Enrique Martinelli Senador de la Rep\u00fablica en ese entonces y la Directiva de la Sociedad de Ingenieros del Per\u00fa hace posible que el 8 de junio de 1962 se promulgue la Ley 14086 que crea el Colegio de Ingenieros del Per\u00fa. La norma fue rubricada por el Presidente Manuel Prado y el Ingeniero Jorge Grieve, ex presidente de la Sociedad de Ingenieros del Per\u00fa en 1961.<\/em><\/p>\n\n\n\n<p><em>Sin embargo, en 1986 la directiva que presid\u00eda el ingeniero Gonzalo Garc\u00eda N\u00fa\u00f1ez ante las diferentes modificaciones que ten\u00eda el estatuto, consider\u00f3 necesario elaborar un nuevo estatuto acorde a la modernidad de ese entonces y gestion\u00f3 una nueva ley&nbsp; para&nbsp; el Colegio de Ingenieros del Per\u00fa, que permita la descentralizaci\u00f3n y autonom\u00eda de los Consejos Departamentales.<\/em><\/p>\n\n\n\n<p><em>As\u00ed el 20 de enero de 1987, el Congreso aprueba la Ley N\u00ba 24648 derog\u00e1ndose la Ley 14086 que originalmente cre\u00f3 el Colegio de Ingenieros del Per\u00fa.<\/em><\/p>\n<\/div>\n<\/div>\n ","protected":false},"excerpt":{"rendered":"<p>El Colegio de Ingenieros del Per\u00fa naci\u00f3 de un planteamiento propuesto en la Primera Conferencia Nacional de Ingenier\u00eda realizada en 1932 por la Sociedad de Ingenieros del Per\u00fa. Aunque dicha propuesta no prosper\u00f3, 30 a\u00f1os despu\u00e9s se cristaliz\u00f3 ante la necesidad de colegiaci\u00f3n de los ingenieros. El apoyo tenaz del<span class=\"more-link\"><a href=\"https:\/\/www.ciptacna.org.pe\/web\/index.php\/historia\/\">Continuar leyendo<\/a><\/span><\/p>\n","protected":false},"author":5,"featured_media":0,"parent":0,"menu_order":0,"comment_status":"closed","ping_status":"closed","template":"","meta":[],"_links":{"self":[{"href":"https:\/\/www.ciptacna.org.pe\/web\/index.php\/wp-json\/wp\/v2\/pages\/3951"}],"collection":[{"href":"https:\/\/www.ciptacna.org.pe\/web\/index.php\/wp-json\/wp\/v2\/pages"}],"about":[{"href":"https:\/\/www.ciptacna.org.pe\/web\/index.php\/wp-json\/wp\/v2\/types\/page"}],"author":[{"embeddable":true,"href":"https:\/\/www.ciptacna.org.pe\/web\/index.php\/wp-json\/wp\/v2\/users\/5"}],"replies":[{"embeddable":true,"href":"https:\/\/www.ciptacna.org.pe\/web\/index.php\/wp-json\/wp\/v2\/comments?post=3951"}],"version-history":[{"count":8,"href":"https:\/\/www.ciptacna.org.pe\/web\/index.php\/wp-json\/wp\/v2\/pages\/3951\/revisions"}],"predecessor-version":[{"id":14080,"href":"https:\/\/www.ciptacna.org.pe\/web\/index.php\/wp-json\/wp\/v2\/pages\/3951\/revisions\/14080"}],"wp:attachment":[{"href":"https:\/\/www.ciptacna.org.pe\/web\/index.php\/wp-json\/wp\/v2\/media?parent=3951"}],"curies":[{"name":"wp","href":"https:\/\/api.w.org\/{rel}","templated":true}]}}