{"id":4218,"date":"2021-02-15T12:25:30","date_gmt":"2021-02-15T17:25:30","guid":{"rendered":"http:\/\/www.ciptacna.org.pe\/web\/?page_id=4218"},"modified":"2021-02-15T12:30:52","modified_gmt":"2021-02-15T17:30:52","slug":"revistas-cientificas","status":"publish","type":"page","link":"https:\/\/www.ciptacna.org.pe\/web\/index.php\/revistas-cientificas\/","title":{"rendered":"Revistas Cient\u00edficas"},"content":{"rendered":"\n<p><\/p>\n\n\n\n<div class=\"wp-block-columns\">\n<div class=\"wp-block-column\">\n<figure class=\"wp-block-image size-large\"><img loading=\"lazy\" width=\"450\" height=\"637\" src=\"http:\/\/www.ciptacna.org.pe\/web\/wp-content\/uploads\/2021\/02\/cover_issue_2_es_ES.png\" alt=\"\" class=\"wp-image-4220\" srcset=\"https:\/\/www.ciptacna.org.pe\/web\/wp-content\/uploads\/2021\/02\/cover_issue_2_es_ES.png 450w, https:\/\/www.ciptacna.org.pe\/web\/wp-content\/uploads\/2021\/02\/cover_issue_2_es_ES-212x300.png 212w, https:\/\/www.ciptacna.org.pe\/web\/wp-content\/uploads\/2021\/02\/cover_issue_2_es_ES-389x550.png 389w, https:\/\/www.ciptacna.org.pe\/web\/wp-content\/uploads\/2021\/02\/cover_issue_2_es_ES-353x500.png 353w\" sizes=\"(max-width: 450px) 100vw, 450px\" \/><\/figure>\n<\/div>\n\n\n\n<div class=\"wp-block-column\">\n<p><\/p>\n\n\n\n<p><\/p>\n\n\n\n<p><\/p>\n\n\n\n<p><\/p>\n\n\n\n<h4><strong>Vol. 1 N\u00fam. 2 (2019): SETI: SCIENCE ENGINEERING TECHNOLOGY INNOVATION<\/strong><\/h4>\n\n\n\n<p><strong>SETI<\/strong>, es el acr\u00f3nimo de\u00a0<strong>Science Engineering Tecnology Innovation<\/strong>, se trata de una revista de publicaciones cient\u00edficas patrocinada por el Colegio de Ingenieros del Per\u00fa \u2013 Sede Tacna. SETI publicar\u00e1 semestralmente, trabajos de investigaci\u00f3n debidamente arbitrados, y su distribuci\u00f3n ser\u00e1 gratuita. Los temas referidos en SETI versar\u00e1n sobre el campo de la ingenier\u00eda. Los interesados en publicar en SETI, podr\u00e1n enviar art\u00edculos originales, y que no hayan sido publicados en otra revista cient\u00edfica, en forma parcial o completa.<\/p>\n\n\n\n<p><strong>Publicado:&nbsp;<\/strong>2020-09-30<\/p>\n\n\n\n<p>ENLACE  &#8212;>   <a href=\"http:\/\/seti.ciptacna.com\/index.php\/seti\" target=\"_blank\" rel=\"noreferrer noopener\">http:\/\/seti.ciptacna.com\/index.php\/seti<\/a><\/p>\n<\/div>\n<\/div>\n\n\n\n<p><\/p>\n ","protected":false},"excerpt":{"rendered":"<p>Vol. 1 N\u00fam. 2 (2019): SETI: SCIENCE ENGINEERING TECHNOLOGY INNOVATION SETI, es el acr\u00f3nimo de\u00a0Science Engineering Tecnology Innovation, se trata de una revista de publicaciones cient\u00edficas patrocinada por el Colegio de Ingenieros del Per\u00fa \u2013 Sede Tacna. SETI publicar\u00e1 semestralmente, trabajos de investigaci\u00f3n debidamente arbitrados, y su distribuci\u00f3n ser\u00e1 gratuita.<span class=\"more-link\"><a href=\"https:\/\/www.ciptacna.org.pe\/web\/index.php\/revistas-cientificas\/\">Continuar leyendo<\/a><\/span><\/p>\n","protected":false},"author":5,"featured_media":0,"parent":0,"menu_order":0,"comment_status":"closed","ping_status":"closed","template":"","meta":[],"_links":{"self":[{"href":"https:\/\/www.ciptacna.org.pe\/web\/index.php\/wp-json\/wp\/v2\/pages\/4218"}],"collection":[{"href":"https:\/\/www.ciptacna.org.pe\/web\/index.php\/wp-json\/wp\/v2\/pages"}],"about":[{"href":"https:\/\/www.ciptacna.org.pe\/web\/index.php\/wp-json\/wp\/v2\/types\/page"}],"author":[{"embeddable":true,"href":"https:\/\/www.ciptacna.org.pe\/web\/index.php\/wp-json\/wp\/v2\/users\/5"}],"replies":[{"embeddable":true,"href":"https:\/\/www.ciptacna.org.pe\/web\/index.php\/wp-json\/wp\/v2\/comments?post=4218"}],"version-history":[{"count":7,"href":"https:\/\/www.ciptacna.org.pe\/web\/index.php\/wp-json\/wp\/v2\/pages\/4218\/revisions"}],"predecessor-version":[{"id":4226,"href":"https:\/\/www.ciptacna.org.pe\/web\/index.php\/wp-json\/wp\/v2\/pages\/4218\/revisions\/4226"}],"wp:attachment":[{"href":"https:\/\/www.ciptacna.org.pe\/web\/index.php\/wp-json\/wp\/v2\/media?parent=4218"}],"curies":[{"name":"wp","href":"https:\/\/api.w.org\/{rel}","templated":true}]}}